{"id":22390,"date":"2020-10-13T15:04:56","date_gmt":"2020-10-13T13:04:56","guid":{"rendered":"https:\/\/sergalgr.com\/?page_id=22390"},"modified":"2020-10-13T15:04:56","modified_gmt":"2020-10-13T13:04:56","slug":"politica-de-galletas","status":"publish","type":"page","link":"https:\/\/sergalgr.com\/es\/politica-de-galletas\/","title":{"rendered":"Pol\u00edtica de galletas"},"content":{"rendered":"<section class=\"wpb-content-wrapper\"><p>[vc_row][vc_column][vc_column_text]<\/p>\n<p class=\"p1\"><span class=\"s1\">1. Podem recaptar informaci\u00f3 sobre el seu ordinador, incl\u00f2s, si escau, la seva adre\u00e7a d\u2019IP, sistema operatiu i tipus de navegador, per a l\u2019administraci\u00f3 del sistema. Es tracta de dades estad\u00edstiques sobre com vost\u00e8 navega pel nostre lloc web.<\/span><\/p>\n<p class=\"p1\"><span class=\"s1\">2. Per la mateixa ra\u00f3, podem obtenir informaci\u00f3 sobre el seu \u00fas general en el nostre lloc web mitjan\u00e7ant un arxiu de galetes que s\u2019emmagatzema en el disc dur del seu ordinador. Les galetes contenen informaci\u00f3 que es transfereix al disc dur del seu ordinador.<\/span><\/p>\n<p class=\"p1\"><span class=\"s1\">3. Les galetes ens ajuden a millorar el nostre lloc web i a donar un servei millor i m\u00e9s personalitzat. En concret, ens permeten:<\/span><\/p>\n<ul class=\"ul1\">\n<li class=\"li1\"><span class=\"s1\">Fer una estimaci\u00f3 sobre nombres i patrons d\u2019\u00fas.<\/span><\/li>\n<li class=\"li1\"><span class=\"s1\">Emmagatzemar informaci\u00f3 sobre les seves prefer\u00e8ncies i personalitzar el nostre lloc web de conformitat amb els seus interessos individuals.<\/span><\/li>\n<li class=\"li1\"><span class=\"s1\">Accelerar les seves cerques.<\/span><\/li>\n<li class=\"li1\"><span class=\"s1\">Recon\u00e8ixer-lo quan torni de nou al nostre lloc.<\/span><\/li>\n<\/ul>\n<p class=\"p1\"><span class=\"s1\">4. Pots negar-se a acceptar les galetes activant la configuraci\u00f3 en el seu navegador que permet rebutjar les galetes. No obstant aix\u00f2, si selecciones aquesta configuraci\u00f3, potser no pugui accedir a determinades parts del lloc web o no pugui aprofitar-te d\u2019algun dels nostres serveis. Tret que hagi ajustat la configuraci\u00f3 del seu navegador de manera que rebutgi galetes, el nostre sistema produir\u00e0 galees quan es connecti al nostre lloc.<\/span><\/p>\n<p class=\"p1\"><span class=\"s1\">5. Com puc desactivar les galetes?<\/span><\/p>\n<p class=\"p1\"><span class=\"s1\">6. La majoria dels navegadors indiquen com configurar el seu navegador perqu\u00e8 no accepti galetes, perqu\u00e8 li notifiqui cada vegada que rebi una nova galeta, aix\u00ed com per desactivar-les completament. Per controlar quin \u00fas vol que es faci de la seva informaci\u00f3, pot configurar el navegador del seu terminal en la forma que cregui m\u00e9s convenient per a vost\u00e8. Li indiquem els enlla\u00e7os seg\u00fcents, on podr\u00e0 trobar m\u00e9s informaci\u00f3 sobre els diferents navegadors:<\/span><\/p>\n<p class=\"p2\"><span class=\"s1\">Chrome<\/span><\/p>\n<p class=\"p3\"><span class=\"s3\"><a href=\"http:\/\/google.es\/intl\/es\/policies\/technologies\/managing\/\">http:\/\/google.es\/intl\/es\/policies\/technologies\/managing\/<\/a><\/span><\/p>\n<p class=\"p2\"><span class=\"s1\">Explorer<\/span><\/p>\n<p class=\"p3\"><span class=\"s3\"><a href=\"http:\/\/windows.microsoft.com\/es-es\/windows7\/how-to-manage-cookies-in-internet-explorer-9\">http:\/\/windows.microsoft.com\/es-es\/windows7\/how-to-manage-cookies-in-internet-explorer-9<\/a><\/span><\/p>\n<p class=\"p2\"><span class=\"s1\">Firefox<\/span><\/p>\n<p class=\"p3\"><span class=\"s3\"><a href=\"http:\/\/support.mozilla.org\/es\/kb\/habilitar-y-deshabilitar-cookies-que-los-sitios-web\">http:\/\/support.mozilla.org\/es\/kb\/habilitar-y-deshabilitar-cookies-que-los-sitios-web<\/a><\/span><\/p>\n<p class=\"p2\"><span class=\"s1\">Safari\u00a0<\/span><\/p>\n<p class=\"p3\"><span class=\"s3\"><a href=\"http:\/\/support.apple.com\/kb\/ph5042\">http:\/\/support.apple.com\/kb\/ph5042<\/a><\/span><\/p>\n<p class=\"p2\"><span class=\"s1\">Opera<\/span><\/p>\n<p class=\"p3\"><span class=\"s3\">http:\/\/www.opera.com\/help\/tutorials\/security\/privacy\/<\/span><\/p>\n<p class=\"p2\"><span class=\"s1\">Si no vol ser rastrejat per les galetes de Google Analytics, Google ha desenvolupat un complement per a instal\u00b7lar en el seu navegador al qual pot accedir a l\u2019enlla\u00e7 seg\u00fcent: <a href=\"http:\/\/goo.gl\/up4ND\"><span class=\"s4\">http:\/\/goo.gl\/up4ND<\/span><\/a><\/span><\/p>\n<p>[\/vc_column_text][\/vc_column][\/vc_row]<\/p>\n<\/section>","protected":false},"excerpt":{"rendered":"<p>[vc_row][vc_column][vc_column_text] 1. Podem recaptar informaci\u00f3 sobre el seu ordinador, incl\u00f2s, si escau, la seva adre\u00e7a d\u2019IP, sistema operatiu i tipus de navegador, per a l\u2019administraci\u00f3 del sistema. Es tracta de dades estad\u00edstiques sobre com vost\u00e8 navega pel nostre lloc web. 2. Per la mateixa ra\u00f3, podem obtenir informaci\u00f3 sobre el seu \u00fas general en el&hellip;<\/p>\n","protected":false},"author":1,"featured_media":0,"parent":0,"menu_order":0,"comment_status":"closed","ping_status":"open","template":"","meta":{"footnotes":""},"class_list":["post-22390","page","type-page","status-publish","hentry","description-off"],"yoast_head":"<!-- This site is optimized with the Yoast SEO plugin v26.9 - https:\/\/yoast.com\/product\/yoast-seo-wordpress\/ -->\n<title>Pol\u00edtica de galletas - Sergal Gesti\u00f3 Ramadera<\/title>\n<meta name=\"robots\" content=\"index, follow, max-snippet:-1, max-image-preview:large, max-video-preview:-1\" \/>\n<link rel=\"canonical\" href=\"https:\/\/sergalgr.com\/es\/politica-de-galletas\/\" \/>\n<meta property=\"og:locale\" content=\"es_ES\" \/>\n<meta property=\"og:type\" content=\"article\" \/>\n<meta property=\"og:title\" content=\"Pol\u00edtica de galletas - Sergal Gesti\u00f3 Ramadera\" \/>\n<meta property=\"og:description\" content=\"[vc_row][vc_column][vc_column_text] 1. Podem recaptar informaci\u00f3 sobre el seu ordinador, incl\u00f2s, si escau, la seva adre\u00e7a d\u2019IP, sistema operatiu i tipus de navegador, per a l\u2019administraci\u00f3 del sistema. Es tracta de dades estad\u00edstiques sobre com vost\u00e8 navega pel nostre lloc web. 2. Per la mateixa ra\u00f3, podem obtenir informaci\u00f3 sobre el seu \u00fas general en el&hellip;\" \/>\n<meta property=\"og:url\" content=\"https:\/\/sergalgr.com\/es\/politica-de-galletas\/\" \/>\n<meta property=\"og:site_name\" content=\"Sergal Gesti\u00f3 Ramadera\" \/>\n<meta name=\"twitter:card\" content=\"summary_large_image\" \/>\n<meta name=\"twitter:site\" content=\"@Sergalgr\" \/>\n<meta name=\"twitter:label1\" content=\"Tiempo de lectura\" \/>\n\t<meta name=\"twitter:data1\" content=\"2 minutos\" \/>\n<script type=\"application\/ld+json\" class=\"yoast-schema-graph\">{\"@context\":\"https:\/\/schema.org\",\"@graph\":[{\"@type\":\"WebPage\",\"@id\":\"https:\/\/sergalgr.com\/es\/politica-de-galletas\/\",\"url\":\"https:\/\/sergalgr.com\/es\/politica-de-galletas\/\",\"name\":\"Pol\u00edtica de galletas - Sergal Gesti\u00f3 Ramadera\",\"isPartOf\":{\"@id\":\"https:\/\/sergalgr.com\/#website\"},\"datePublished\":\"2020-10-13T13:04:56+00:00\",\"breadcrumb\":{\"@id\":\"https:\/\/sergalgr.com\/es\/politica-de-galletas\/#breadcrumb\"},\"inLanguage\":\"es\",\"potentialAction\":[{\"@type\":\"ReadAction\",\"target\":[\"https:\/\/sergalgr.com\/es\/politica-de-galletas\/\"]}]},{\"@type\":\"BreadcrumbList\",\"@id\":\"https:\/\/sergalgr.com\/es\/politica-de-galletas\/#breadcrumb\",\"itemListElement\":[{\"@type\":\"ListItem\",\"position\":1,\"name\":\"Inici\",\"item\":\"https:\/\/sergalgr.com\/es\/\"},{\"@type\":\"ListItem\",\"position\":2,\"name\":\"Pol\u00edtica de galletas\"}]},{\"@type\":\"WebSite\",\"@id\":\"https:\/\/sergalgr.com\/#website\",\"url\":\"https:\/\/sergalgr.com\/\",\"name\":\"Sergal Gesti\u00f3 Ramadera\",\"description\":\"Especialitzats en alta gen\u00e8tica porcina\",\"potentialAction\":[{\"@type\":\"SearchAction\",\"target\":{\"@type\":\"EntryPoint\",\"urlTemplate\":\"https:\/\/sergalgr.com\/?s={search_term_string}\"},\"query-input\":{\"@type\":\"PropertyValueSpecification\",\"valueRequired\":true,\"valueName\":\"search_term_string\"}}],\"inLanguage\":\"es\"}]}<\/script>\n<!-- \/ Yoast SEO plugin. -->","yoast_head_json":{"title":"Pol\u00edtica de galletas - Sergal Gesti\u00f3 Ramadera","robots":{"index":"index","follow":"follow","max-snippet":"max-snippet:-1","max-image-preview":"max-image-preview:large","max-video-preview":"max-video-preview:-1"},"canonical":"https:\/\/sergalgr.com\/es\/politica-de-galletas\/","og_locale":"es_ES","og_type":"article","og_title":"Pol\u00edtica de galletas - Sergal Gesti\u00f3 Ramadera","og_description":"[vc_row][vc_column][vc_column_text] 1. Podem recaptar informaci\u00f3 sobre el seu ordinador, incl\u00f2s, si escau, la seva adre\u00e7a d\u2019IP, sistema operatiu i tipus de navegador, per a l\u2019administraci\u00f3 del sistema. Es tracta de dades estad\u00edstiques sobre com vost\u00e8 navega pel nostre lloc web. 2. Per la mateixa ra\u00f3, podem obtenir informaci\u00f3 sobre el seu \u00fas general en el&hellip;","og_url":"https:\/\/sergalgr.com\/es\/politica-de-galletas\/","og_site_name":"Sergal Gesti\u00f3 Ramadera","twitter_card":"summary_large_image","twitter_site":"@Sergalgr","twitter_misc":{"Tiempo de lectura":"2 minutos"},"schema":{"@context":"https:\/\/schema.org","@graph":[{"@type":"WebPage","@id":"https:\/\/sergalgr.com\/es\/politica-de-galletas\/","url":"https:\/\/sergalgr.com\/es\/politica-de-galletas\/","name":"Pol\u00edtica de galletas - Sergal Gesti\u00f3 Ramadera","isPartOf":{"@id":"https:\/\/sergalgr.com\/#website"},"datePublished":"2020-10-13T13:04:56+00:00","breadcrumb":{"@id":"https:\/\/sergalgr.com\/es\/politica-de-galletas\/#breadcrumb"},"inLanguage":"es","potentialAction":[{"@type":"ReadAction","target":["https:\/\/sergalgr.com\/es\/politica-de-galletas\/"]}]},{"@type":"BreadcrumbList","@id":"https:\/\/sergalgr.com\/es\/politica-de-galletas\/#breadcrumb","itemListElement":[{"@type":"ListItem","position":1,"name":"Inici","item":"https:\/\/sergalgr.com\/es\/"},{"@type":"ListItem","position":2,"name":"Pol\u00edtica de galletas"}]},{"@type":"WebSite","@id":"https:\/\/sergalgr.com\/#website","url":"https:\/\/sergalgr.com\/","name":"Sergal Gesti\u00f3 Ramadera","description":"Especialitzats en alta gen\u00e8tica porcina","potentialAction":[{"@type":"SearchAction","target":{"@type":"EntryPoint","urlTemplate":"https:\/\/sergalgr.com\/?s={search_term_string}"},"query-input":{"@type":"PropertyValueSpecification","valueRequired":true,"valueName":"search_term_string"}}],"inLanguage":"es"}]}},"_links":{"self":[{"href":"https:\/\/sergalgr.com\/es\/wp-json\/wp\/v2\/pages\/22390","targetHints":{"allow":["GET"]}}],"collection":[{"href":"https:\/\/sergalgr.com\/es\/wp-json\/wp\/v2\/pages"}],"about":[{"href":"https:\/\/sergalgr.com\/es\/wp-json\/wp\/v2\/types\/page"}],"author":[{"embeddable":true,"href":"https:\/\/sergalgr.com\/es\/wp-json\/wp\/v2\/users\/1"}],"replies":[{"embeddable":true,"href":"https:\/\/sergalgr.com\/es\/wp-json\/wp\/v2\/comments?post=22390"}],"version-history":[{"count":1,"href":"https:\/\/sergalgr.com\/es\/wp-json\/wp\/v2\/pages\/22390\/revisions"}],"predecessor-version":[{"id":22392,"href":"https:\/\/sergalgr.com\/es\/wp-json\/wp\/v2\/pages\/22390\/revisions\/22392"}],"wp:attachment":[{"href":"https:\/\/sergalgr.com\/es\/wp-json\/wp\/v2\/media?parent=22390"}],"curies":[{"name":"wp","href":"https:\/\/api.w.org\/{rel}","templated":true}]}}