{"id":225,"date":"2018-11-26T12:13:42","date_gmt":"2018-11-26T10:13:42","guid":{"rendered":"https:\/\/sergalgr.com\/home\/"},"modified":"2021-09-16T10:32:22","modified_gmt":"2021-09-16T08:32:22","slug":"home","status":"publish","type":"page","link":"https:\/\/sergalgr.com\/es\/","title":{"rendered":"Home"},"content":{"rendered":"<section class=\"wpb-content-wrapper\"><p>[vc_row][vc_column][vc_empty_space height=\u00bb50px\u00bb][\/vc_column][\/vc_row][vc_row][vc_column width=\u00bb1\/2&#8243;][vc_column_text]<\/p>\n<h1><span style=\"color: #000000;\"><a style=\"color: #000000;\" href=\"https:\/\/sergalgr.com\/es\/sergal\/\">Sergal<\/a><\/span><\/h1>\n<p>[\/vc_column_text][\/vc_column][vc_column css_animation=\u00bbfadeIn\u00bb width=\u00bb1\/2&#8243;][vc_column_text]<\/p>\n<h1><span style=\"color: #8b1c40;\">En Sergal estamos especializados en alta gen\u00e9tica porcina, siempre a la vanguardia del sector. Trabajamos con productos contrastados y de alta calidad, seleccionando de manera exclusiva, cada uno de nuestros ejemplares.<\/span><\/h1>\n<p>[\/vc_column_text][\/vc_column][\/vc_row][vc_row][vc_column][vc_empty_space height=\u00bb50px\u00bb][vc_separator color=\u00bbcustom\u00bb accent_color=\u00bb#8b1c40&#8243;][vc_empty_space height=\u00bb50px\u00bb][\/vc_column][\/vc_row][vc_row css_animation=\u00bbfadeInUp\u00bb][vc_column width=\u00bb1\/3&#8243;][vc_column_text]<\/p>\n<h1><span style=\"color: #000000;\"><a style=\"color: #000000;\" href=\"https:\/\/sergalgr.com\/es\/cia-insergal\/\">inSergal<sup>\u00ae<\/sup><\/a><\/span><\/h1>\n<p>[\/vc_column_text][vc_column_text]<span style=\"color: #8b1c40;\">Un nuevo concepto de centro de inseminaci\u00f3n artificial, con el mas estrico control de calidad y con el uso y aplicaci\u00f3n de la tecnolog\u00eda m\u00e1s avanzada, que nos permite ofrecer m\u00e1xima trazabilidad y fiabilidad.<\/span>[\/vc_column_text][vc_column_text]<span style=\"color: #000000;\"><a style=\"color: #000000;\" href=\"https:\/\/sergalgr.com\/es\/cia-insergal\/\">\u2014&gt;<\/a><\/span>[\/vc_column_text][\/vc_column][vc_column css_animation=\u00bbfadeIn\u00bb width=\u00bb2\/3&#8243;][vc_single_image image=\u00bb21948&#8243; img_size=\u00bbfull\u00bb css_animation=\u00bbnone\u00bb][\/vc_column][\/vc_row][vc_row][vc_column][vc_empty_space height=\u00bb50px\u00bb][vc_separator color=\u00bbcustom\u00bb accent_color=\u00bb#8b1c40&#8243;][vc_empty_space height=\u00bb50px\u00bb][\/vc_column][\/vc_row][vc_row css_animation=\u00bbfadeInUp\u00bb][vc_column width=\u00bb1\/3&#8243;][vc_column_text]<\/p>\n<h1><span style=\"color: #000000;\"><a style=\"color: #000000;\" href=\"https:\/\/sergalgr.com\/es\/linies-paternes\/\">Gen\u00e9tica L\u00edneas Paternas<\/a><\/span><\/h1>\n<p>[\/vc_column_text][vc_column_text]<span style=\"color: #8b1c40;\">Nuestra misi\u00f3n es la selecci\u00f3n y comercializaci\u00f3n de reproductores con unos est\u00e1ndares de calidad superiores.<\/span>[\/vc_column_text][vc_column_text]<a href=\"https:\/\/sergalgr.com\/es\/linies-paternes\/\"><span style=\"color: #000000;\">\u2014&gt;<\/span><\/a>[\/vc_column_text][\/vc_column][vc_column css_animation=\u00bbfadeIn\u00bb width=\u00bb2\/3&#8243;][vc_single_image image=\u00bb21950&#8243; img_size=\u00bbfull\u00bb][\/vc_column][\/vc_row][vc_row][vc_column][vc_empty_space height=\u00bb50px\u00bb][vc_separator color=\u00bbcustom\u00bb accent_color=\u00bb#8b1c40&#8243;][vc_empty_space height=\u00bb50px\u00bb][\/vc_column][\/vc_row][vc_row css_animation=\u00bbfadeInUp\u00bb][vc_column width=\u00bb1\/3&#8243;][vc_column_text]<\/p>\n<h1><span style=\"color: #000000;\"><a style=\"color: #000000;\" href=\"https:\/\/sergalgr.com\/es\/?page_id=240\">Gen\u00e9tica L\u00edneas Maternas<\/a><\/span><\/h1>\n<p>[\/vc_column_text][vc_column_text]<span style=\"color: #8b1c40;\">Animales que seleccionamos exclusivamente para ofrecer alta calidad a nuestros clientes.<\/p>\n<p><\/span>[\/vc_column_text][vc_column_text]<a href=\"https:\/\/sergalgr.com\/es\/?page_id=240\"><span style=\"color: #000000;\">\u2014&gt;<\/span><\/a>[\/vc_column_text][\/vc_column][vc_column css_animation=\u00bbfadeIn\u00bb width=\u00bb2\/3&#8243;][vc_single_image image=\u00bb21946&#8243; img_size=\u00bbfull\u00bb][\/vc_column][\/vc_row][vc_row][vc_column][vc_empty_space height=\u00bb50px\u00bb][vc_separator color=\u00bbcustom\u00bb accent_color=\u00bb#8b1c40&#8243;][vc_empty_space height=\u00bb50px\u00bb][\/vc_column][\/vc_row][vc_row css_animation=\u00bbfadeInUp\u00bb][vc_column width=\u00bb1\/3&#8243;][vc_column_text]<\/p>\n<h1>SafeGenetics<sup>\u00ae<\/sup><\/h1>\n<p>[\/vc_column_text][vc_column_text]<span style=\"color: #8b1c40;\">El primer programa anal\u00edtico a nivel europeo, que identificar\u00e1 los animales susceptibles de sufrir y\/o transmitir la hernia porcina, en la primera fase del proceso productivo, la compra del animal.<\/span>[\/vc_column_text][\/vc_column][vc_column css_animation=\u00bbfadeIn\u00bb width=\u00bb2\/3&#8243;][vc_single_image image=\u00bb226&#8243; img_size=\u00bbfull\u00bb][\/vc_column][\/vc_row][vc_row][vc_column][vc_empty_space height=\u00bb50px\u00bb][vc_separator color=\u00bbcustom\u00bb accent_color=\u00bb#8b1c40&#8243;][vc_empty_space height=\u00bb50px\u00bb][\/vc_column][\/vc_row][vc_row css_animation=\u00bbfadeInUp\u00bb][vc_column width=\u00bb1\/3&#8243;][vc_column_text]<\/p>\n<h1><a href=\"https:\/\/sergalgr.com\/es\/noticies\/\"><span style=\"color: #000000;\">Noticias<\/span><\/a><\/h1>\n<p>[\/vc_column_text][\/vc_column][vc_column css_animation=\u00bbfadeIn\u00bb width=\u00bb2\/3&#8243;][vc_basic_grid post_type=\u00bbpost\u00bb max_items=\u00bb2&#8243; element_width=\u00bb6&#8243; item=\u00bb48&#8243; grid_id=\u00bbvc_gid:1631777027594-2a8865a3-92b7-3&#8243;][\/vc_column][\/vc_row][vc_row][vc_column][vc_empty_space height=\u00bb50px\u00bb][\/vc_column][\/vc_row]<\/p>\n<\/section>","protected":false},"excerpt":{"rendered":"<p>[vc_row][vc_column][vc_empty_space height=\u00bb50px\u00bb][\/vc_column][\/vc_row][vc_row][vc_column width=\u00bb1\/2&#8243;][vc_column_text] Sergal [\/vc_column_text][\/vc_column][vc_column css_animation=\u00bbfadeIn\u00bb width=\u00bb1\/2&#8243;][vc_column_text] En Sergal estamos especializados en alta gen\u00e9tica porcina, siempre a la vanguardia del sector. Trabajamos con productos contrastados y de alta calidad, seleccionando de manera exclusiva, cada uno de nuestros ejemplares. [\/vc_column_text][\/vc_column][\/vc_row][vc_row][vc_column][vc_empty_space height=\u00bb50px\u00bb][vc_separator color=\u00bbcustom\u00bb accent_color=\u00bb#8b1c40&#8243;][vc_empty_space height=\u00bb50px\u00bb][\/vc_column][\/vc_row][vc_row css_animation=\u00bbfadeInUp\u00bb][vc_column width=\u00bb1\/3&#8243;][vc_column_text] inSergal\u00ae [\/vc_column_text][vc_column_text]Un nuevo concepto de centro de inseminaci\u00f3n artificial, con&hellip;<\/p>\n","protected":false},"author":1,"featured_media":0,"parent":0,"menu_order":0,"comment_status":"closed","ping_status":"closed","template":"template-microsite.php","meta":{"footnotes":""},"class_list":["post-225","page","type-page","status-publish","hentry","description-off"],"yoast_head":"<!-- This site is optimized with the Yoast SEO plugin v26.9 - https:\/\/yoast.com\/product\/yoast-seo-wordpress\/ -->\n<title>Home - Sergal Gesti\u00f3 Ramadera<\/title>\n<meta name=\"robots\" content=\"index, follow, max-snippet:-1, max-image-preview:large, max-video-preview:-1\" \/>\n<link rel=\"canonical\" href=\"https:\/\/sergalgr.com\/es\/\" \/>\n<meta property=\"og:locale\" content=\"es_ES\" \/>\n<meta property=\"og:type\" content=\"article\" \/>\n<meta property=\"og:title\" content=\"Home - Sergal Gesti\u00f3 Ramadera\" \/>\n<meta property=\"og:description\" content=\"[vc_row][vc_column][vc_empty_space height=\u00bb50px\u00bb][\/vc_column][\/vc_row][vc_row][vc_column width=\u00bb1\/2&#8243;][vc_column_text] Sergal [\/vc_column_text][\/vc_column][vc_column css_animation=\u00bbfadeIn\u00bb width=\u00bb1\/2&#8243;][vc_column_text] En Sergal estamos especializados en alta gen\u00e9tica porcina, siempre a la vanguardia del sector. Trabajamos con productos contrastados y de alta calidad, seleccionando de manera exclusiva, cada uno de nuestros ejemplares. [\/vc_column_text][\/vc_column][\/vc_row][vc_row][vc_column][vc_empty_space height=\u00bb50px\u00bb][vc_separator color=\u00bbcustom\u00bb accent_color=\u00bb#8b1c40&#8243;][vc_empty_space height=\u00bb50px\u00bb][\/vc_column][\/vc_row][vc_row css_animation=\u00bbfadeInUp\u00bb][vc_column width=\u00bb1\/3&#8243;][vc_column_text] inSergal\u00ae [\/vc_column_text][vc_column_text]Un nuevo concepto de centro de inseminaci\u00f3n artificial, con&hellip;\" \/>\n<meta property=\"og:url\" content=\"https:\/\/sergalgr.com\/es\/\" \/>\n<meta property=\"og:site_name\" content=\"Sergal Gesti\u00f3 Ramadera\" \/>\n<meta property=\"article:modified_time\" content=\"2021-09-16T08:32:22+00:00\" \/>\n<meta name=\"twitter:card\" content=\"summary_large_image\" \/>\n<meta name=\"twitter:site\" content=\"@Sergalgr\" \/>\n<meta name=\"twitter:label1\" content=\"Tiempo de lectura\" \/>\n\t<meta name=\"twitter:data1\" content=\"3 minutos\" \/>\n<script type=\"application\/ld+json\" class=\"yoast-schema-graph\">{\"@context\":\"https:\/\/schema.org\",\"@graph\":[{\"@type\":\"WebPage\",\"@id\":\"https:\/\/sergalgr.com\/es\/\",\"url\":\"https:\/\/sergalgr.com\/es\/\",\"name\":\"Home - Sergal Gesti\u00f3 Ramadera\",\"isPartOf\":{\"@id\":\"https:\/\/sergalgr.com\/#website\"},\"datePublished\":\"2018-11-26T10:13:42+00:00\",\"dateModified\":\"2021-09-16T08:32:22+00:00\",\"breadcrumb\":{\"@id\":\"https:\/\/sergalgr.com\/es\/#breadcrumb\"},\"inLanguage\":\"es\",\"potentialAction\":[{\"@type\":\"ReadAction\",\"target\":[\"https:\/\/sergalgr.com\/es\/\"]}]},{\"@type\":\"BreadcrumbList\",\"@id\":\"https:\/\/sergalgr.com\/es\/#breadcrumb\",\"itemListElement\":[{\"@type\":\"ListItem\",\"position\":1,\"name\":\"Inici\",\"item\":\"https:\/\/sergalgr.com\/es\/\"},{\"@type\":\"ListItem\",\"position\":2,\"name\":\"Home\"}]},{\"@type\":\"WebSite\",\"@id\":\"https:\/\/sergalgr.com\/#website\",\"url\":\"https:\/\/sergalgr.com\/\",\"name\":\"Sergal Gesti\u00f3 Ramadera\",\"description\":\"Especialitzats en alta gen\u00e8tica porcina\",\"potentialAction\":[{\"@type\":\"SearchAction\",\"target\":{\"@type\":\"EntryPoint\",\"urlTemplate\":\"https:\/\/sergalgr.com\/?s={search_term_string}\"},\"query-input\":{\"@type\":\"PropertyValueSpecification\",\"valueRequired\":true,\"valueName\":\"search_term_string\"}}],\"inLanguage\":\"es\"}]}<\/script>\n<!-- \/ Yoast SEO plugin. -->","yoast_head_json":{"title":"Home - Sergal Gesti\u00f3 Ramadera","robots":{"index":"index","follow":"follow","max-snippet":"max-snippet:-1","max-image-preview":"max-image-preview:large","max-video-preview":"max-video-preview:-1"},"canonical":"https:\/\/sergalgr.com\/es\/","og_locale":"es_ES","og_type":"article","og_title":"Home - Sergal Gesti\u00f3 Ramadera","og_description":"[vc_row][vc_column][vc_empty_space height=\u00bb50px\u00bb][\/vc_column][\/vc_row][vc_row][vc_column width=\u00bb1\/2&#8243;][vc_column_text] Sergal [\/vc_column_text][\/vc_column][vc_column css_animation=\u00bbfadeIn\u00bb width=\u00bb1\/2&#8243;][vc_column_text] En Sergal estamos especializados en alta gen\u00e9tica porcina, siempre a la vanguardia del sector. Trabajamos con productos contrastados y de alta calidad, seleccionando de manera exclusiva, cada uno de nuestros ejemplares. [\/vc_column_text][\/vc_column][\/vc_row][vc_row][vc_column][vc_empty_space height=\u00bb50px\u00bb][vc_separator color=\u00bbcustom\u00bb accent_color=\u00bb#8b1c40&#8243;][vc_empty_space height=\u00bb50px\u00bb][\/vc_column][\/vc_row][vc_row css_animation=\u00bbfadeInUp\u00bb][vc_column width=\u00bb1\/3&#8243;][vc_column_text] inSergal\u00ae [\/vc_column_text][vc_column_text]Un nuevo concepto de centro de inseminaci\u00f3n artificial, con&hellip;","og_url":"https:\/\/sergalgr.com\/es\/","og_site_name":"Sergal Gesti\u00f3 Ramadera","article_modified_time":"2021-09-16T08:32:22+00:00","twitter_card":"summary_large_image","twitter_site":"@Sergalgr","twitter_misc":{"Tiempo de lectura":"3 minutos"},"schema":{"@context":"https:\/\/schema.org","@graph":[{"@type":"WebPage","@id":"https:\/\/sergalgr.com\/es\/","url":"https:\/\/sergalgr.com\/es\/","name":"Home - Sergal Gesti\u00f3 Ramadera","isPartOf":{"@id":"https:\/\/sergalgr.com\/#website"},"datePublished":"2018-11-26T10:13:42+00:00","dateModified":"2021-09-16T08:32:22+00:00","breadcrumb":{"@id":"https:\/\/sergalgr.com\/es\/#breadcrumb"},"inLanguage":"es","potentialAction":[{"@type":"ReadAction","target":["https:\/\/sergalgr.com\/es\/"]}]},{"@type":"BreadcrumbList","@id":"https:\/\/sergalgr.com\/es\/#breadcrumb","itemListElement":[{"@type":"ListItem","position":1,"name":"Inici","item":"https:\/\/sergalgr.com\/es\/"},{"@type":"ListItem","position":2,"name":"Home"}]},{"@type":"WebSite","@id":"https:\/\/sergalgr.com\/#website","url":"https:\/\/sergalgr.com\/","name":"Sergal Gesti\u00f3 Ramadera","description":"Especialitzats en alta gen\u00e8tica porcina","potentialAction":[{"@type":"SearchAction","target":{"@type":"EntryPoint","urlTemplate":"https:\/\/sergalgr.com\/?s={search_term_string}"},"query-input":{"@type":"PropertyValueSpecification","valueRequired":true,"valueName":"search_term_string"}}],"inLanguage":"es"}]}},"_links":{"self":[{"href":"https:\/\/sergalgr.com\/es\/wp-json\/wp\/v2\/pages\/225","targetHints":{"allow":["GET"]}}],"collection":[{"href":"https:\/\/sergalgr.com\/es\/wp-json\/wp\/v2\/pages"}],"about":[{"href":"https:\/\/sergalgr.com\/es\/wp-json\/wp\/v2\/types\/page"}],"author":[{"embeddable":true,"href":"https:\/\/sergalgr.com\/es\/wp-json\/wp\/v2\/users\/1"}],"replies":[{"embeddable":true,"href":"https:\/\/sergalgr.com\/es\/wp-json\/wp\/v2\/comments?post=225"}],"version-history":[{"count":10,"href":"https:\/\/sergalgr.com\/es\/wp-json\/wp\/v2\/pages\/225\/revisions"}],"predecessor-version":[{"id":22551,"href":"https:\/\/sergalgr.com\/es\/wp-json\/wp\/v2\/pages\/225\/revisions\/22551"}],"wp:attachment":[{"href":"https:\/\/sergalgr.com\/es\/wp-json\/wp\/v2\/media?parent=225"}],"curies":[{"name":"wp","href":"https:\/\/api.w.org\/{rel}","templated":true}]}}