{"id":230,"date":"2018-11-27T14:10:30","date_gmt":"2018-11-27T12:10:30","guid":{"rendered":"https:\/\/sergalgr.com\/cia-insergal\/"},"modified":"2021-09-16T12:38:45","modified_gmt":"2021-09-16T10:38:45","slug":"cia-insergal","status":"publish","type":"page","link":"https:\/\/sergalgr.com\/es\/cia-insergal\/","title":{"rendered":"CIA InSergal"},"content":{"rendered":"<section class=\"wpb-content-wrapper\"><p>[vc_row full_width=\u00bbstretch_row_content_no_spaces\u00bb full_height=\u00bbyes\u00bb bg_type=\u00bbimage\u00bb parallax_style=\u00bbvcpb-vz-jquery\u00bb bg_image_new=\u00bbid^133|url^https:\/\/sergalgr.com\/wp-content\/uploads\/2018\/11\/DSC0077b.jpg|caption^null|alt^null|title^_DSC0077b|description^null\u00bb bg_image_repeat=\u00bbno-repeat\u00bb][vc_column][vc_column_text]<\/p>\n<h1 style=\"text-align: center;\"><span style=\"color: #ffffff;\">inSergal<sup>\u00ae<\/sup><\/span><\/h1>\n<p>[\/vc_column_text][\/vc_column][\/vc_row][vc_row][vc_column][vc_empty_space height=\u00bb50px\u00bb][\/vc_column][\/vc_row][vc_row][vc_column width=\u00bb1\/6&#8243;][\/vc_column][vc_column css_animation=\u00bbfadeIn\u00bb width=\u00bb2\/3&#8243;][vc_column_text]<\/p>\n<h1 style=\"text-align: center;\">inSergal<sup>\u00ae<\/sup> es el nuevo concepto de centro de inseminaci\u00f3n artificial, con el m\u00e1ss estricto control de calidad y con el uso y la aplicaci\u00f3n de la tecnolog\u00eda m\u00e1s avanzada, que nos permite ofrecer m\u00e1xima trazabilidad, transparencia y fiabilidad a los clientes.<\/h1>\n<p>[\/vc_column_text][vc_empty_space height=\u00bb50px\u00bb][vc_column_text]<\/p>\n<h1 style=\"text-align: center;\"><span style=\"color: #8b1c40;\">Un nuevo centro con m\u00e1ximas medidas de bioseguridad, neveras de conservaci\u00f3n de ultima generaci\u00f3n con control constante de temperatura y servicio propio de transporte con seguimiento GPS de los pedidos.<\/span><\/h1>\n<p>[\/vc_column_text][\/vc_column][vc_column width=\u00bb1\/6&#8243;][\/vc_column][\/vc_row][vc_row][vc_column][vc_empty_space height=\u00bb50px\u00bb][\/vc_column][\/vc_row][vc_row equal_height=\u00bbyes\u00bb content_placement=\u00bbtop\u00bb][vc_column width=\u00bb1\/4&#8243;][vc_single_image image=\u00bb117&#8243; img_size=\u00bbfull\u00bb alignment=\u00bbcenter\u00bb][vc_separator color=\u00bbcustom\u00bb accent_color=\u00bb#8b1c40&#8243;][vc_column_text]<\/p>\n<p style=\"text-align: center;\">Control de calidad<br \/>\n<span style=\"color: #8b1c40;\">a las 24, 48 y 72 h de la producci\u00f3n<\/span><\/p>\n<p>[\/vc_column_text][\/vc_column][vc_column width=\u00bb1\/4&#8243;][vc_single_image image=\u00bb116&#8243; img_size=\u00bbfull\u00bb alignment=\u00bbcenter\u00bb][vc_separator color=\u00bbcustom\u00bb accent_color=\u00bb#8b1c40&#8243;][vc_column_text]<\/p>\n<p style=\"text-align: center;\">Neveras de conservaci\u00f3n de \u00faltima generaci\u00f3n<br \/>\n<span style=\"color: #8b1c40;\">con control constante de temperatura<\/span><\/p>\n<p>[\/vc_column_text][\/vc_column][vc_column width=\u00bb1\/4&#8243;][vc_single_image image=\u00bb21921&#8243; img_size=\u00bbfull\u00bb alignment=\u00bbcenter\u00bb][vc_separator color=\u00bbcustom\u00bb accent_color=\u00bb#8b1c40&#8243;][vc_column_text]<\/p>\n<p style=\"text-align: center;\">Trazabilidad y fiabilidad<br \/>\n<span style=\"color: #8b1c40;\">en todo el proceso<\/span><\/p>\n<p>[\/vc_column_text][\/vc_column][vc_column width=\u00bb1\/4&#8243;][vc_single_image image=\u00bb119&#8243; img_size=\u00bbfull\u00bb alignment=\u00bbcenter\u00bb][vc_separator color=\u00bbcustom\u00bb accent_color=\u00bb#8b1c40&#8243;][vc_column_text]<\/p>\n<p style=\"text-align: center;\">Servicio de transporte propio<br \/>\n<span style=\"color: #8b1c40;\">con seguimiento del pedido por GPS<\/span><\/p>\n<p>[\/vc_column_text][\/vc_column][\/vc_row][vc_row][vc_column][vc_empty_space height=\u00bb50px\u00bb][vc_separator color=\u00bbcustom\u00bb accent_color=\u00bb#8b1c40&#8243;][vc_empty_space height=\u00bb50px\u00bb][\/vc_column][\/vc_row][vc_row][vc_column width=\u00bb1\/3&#8243;][vc_column_text]<\/p>\n<h1>inSergal<sup>\u00ae<\/sup> es la primera aplicaci\u00f3n que permite gestionar comandas de dosis seminales a trav\u00e9s del dispositivo m\u00f3vil de una manera f\u00e1cil y sencilla.<\/h1>\n<p>[\/vc_column_text][vc_column_text]<\/p>\n<h1>inSergal<sup>\u00ae<\/sup> es trazabilidad integral.<\/h1>\n<p>[\/vc_column_text][\/vc_column][vc_column css_animation=\u00bbfadeIn\u00bb width=\u00bb1\/3&#8243;]<div id=\"ult-carousel-171763580569e7171f8e0be\" class=\"ult-carousel-wrapper   ult_horizontal\" data-gutter=\"15\" data-rtl=\"false\" ><div class=\"ult-carousel-416230796269e7171f8de78 \" >[vc_single_image image=\u00bb21923&#8243; img_size=\u00bbfull\u00bb alignment=\u00bbcenter\u00bb][vc_single_image image=\u00bb21907&#8243; img_size=\u00bbfull\u00bb alignment=\u00bbcenter\u00bb][vc_single_image image=\u00bb21909&#8243; img_size=\u00bbfull\u00bb alignment=\u00bbcenter\u00bb]<\/div><\/div>\t\t\t<script type=\"text\/javascript\">\n\t\t\t\tjQuery(document).ready(function ($) {\n\t\t\t\t\tif( typeof jQuery('.ult-carousel-416230796269e7171f8de78').slick == \"function\"){\n\t\t\t\t\t\t$('.ult-carousel-416230796269e7171f8de78').slick({dots: false,autoplay: true,autoplaySpeed: \"3000\",speed: \"300\",infinite: true,arrows: false,slidesToScroll:1,slidesToShow:1,swipe: true,draggable: true,touchMove: true,pauseOnHover: true,pauseOnFocus: false,responsive: [\n\t\t\t\t\t\t\t{\n\t\t\t\t\t\t\t  breakpoint: 1026,\n\t\t\t\t\t\t\t  settings: {\n\t\t\t\t\t\t\t\tslidesToShow: 1,\n\t\t\t\t\t\t\t\tslidesToScroll: 1,  \n\t\t\t\t\t\t\t  }\n\t\t\t\t\t\t\t},\n\t\t\t\t\t\t\t{\n\t\t\t\t\t\t\t  breakpoint: 1025,\n\t\t\t\t\t\t\t  settings: {\n\t\t\t\t\t\t\t\tslidesToShow: 1,\n\t\t\t\t\t\t\t\tslidesToScroll: 1\n\t\t\t\t\t\t\t  }\n\t\t\t\t\t\t\t},\n\t\t\t\t\t\t\t{\n\t\t\t\t\t\t\t  breakpoint: 760,\n\t\t\t\t\t\t\t  settings: {\n\t\t\t\t\t\t\t\tslidesToShow: 1,\n\t\t\t\t\t\t\t\tslidesToScroll: 1\n\t\t\t\t\t\t\t  }\n\t\t\t\t\t\t\t}\n\t\t\t\t\t\t],pauseOnDotsHover: true,customPaging: function(slider, i) {\n                   return '<i type=\"button\" style= \"color:#333333;\" class=\"ultsl-record\" data-role=\"none\"><\/i>';\n                },});\n\t\t\t\t\t}\n\t\t\t\t});\n\t\t\t<\/script>\n\t\t\t[\/vc_column][vc_column width=\u00bb1\/3&#8243;][vc_empty_space height=\u00bb50px\u00bb][vc_column_text]<span style=\"color: #8b1c40;\">A trav\u00e9s de un software de creaci\u00f3n propia, podemos gestionar todo el proceso interno y externo.<\/span><\/p>\n<p><span style=\"color: #8b1c40;\">Ofrece informaci\u00f3n detallada de cada uno de nuestros productos.<\/span><\/p>\n<p><span style=\"color: #8b1c40;\">Gesti\u00f3n de pedidos para modificar m\u00e1s adelante o finalizarlo para que sea procesado.<\/span>[\/vc_column_text][vc_empty_space height=\u00bb50px\u00bb][vc_column_text]Para m\u00e1s informaci\u00f3n sobre la aplicaci\u00f3n, por favor, <span style=\"border-bottom: 1px solid black;\"><a href=\"https:\/\/sergalgr.com\/es\/contacto\/\">poneros en contacto con nuestro departamento comercial<\/a><\/span>.[\/vc_column_text][\/vc_column][\/vc_row][vc_row][vc_column][vc_empty_space height=\u00bb50px\u00bb][vc_separator color=\u00bbcustom\u00bb accent_color=\u00bb#8b1c40&#8243;][vc_empty_space height=\u00bb50px\u00bb][\/vc_column][\/vc_row][vc_row][vc_column width=\u00bb1\/6&#8243;][\/vc_column][vc_column css_animation=\u00bbfadeIn\u00bb width=\u00bb2\/3&#8243;][vc_column_text]<\/p>\n<h1 style=\"text-align: center;\">Desc\u00e1rgate nuestra app y disfruta del nuevo concepto de centro de inseminaci\u00f3n artificial<\/h1>\n<p>[\/vc_column_text][\/vc_column][vc_column width=\u00bb1\/6&#8243;][\/vc_column][\/vc_row][vc_row][vc_column][vc_empty_space height=\u00bb50px\u00bb][\/vc_column][\/vc_row][vc_row][vc_column width=\u00bb1\/6&#8243;][\/vc_column][vc_column width=\u00bb2\/6&#8243;][vc_single_image image=\u00bb21911&#8243; img_size=\u00bbfull\u00bb alignment=\u00bbcenter\u00bb onclick=\u00bbcustom_link\u00bb img_link_target=\u00bb_blank\u00bb link=\u00bbhttps:%2F%2Fitunes.apple.com%2Fes%2Fapp%2Finsergal%2Fid1194432736|\u00bb][\/vc_column][vc_column width=\u00bb2\/6&#8243;][vc_single_image image=\u00bb21913&#8243; img_size=\u00bbfull\u00bb alignment=\u00bbcenter\u00bb onclick=\u00bbcustom_link\u00bb img_link_target=\u00bb_blank\u00bb link=\u00bbhttps:%2F%2Fplay.google.com%2Fstore%2Fapps%2Fdetails%3Fid%3Dcom.onclick.insergal%26amp%3Bhl%3Des|\u00bb][\/vc_column][vc_column width=\u00bb1\/6&#8243;][\/vc_column][\/vc_row][vc_row][vc_column][vc_empty_space height=\u00bb50px\u00bb][vc_separator color=\u00bbcustom\u00bb accent_color=\u00bb#8b1c40&#8243;][vc_empty_space height=\u00bb50px\u00bb][\/vc_column][\/vc_row][vc_row][vc_column width=\u00bb1\/3&#8243;][vc_column_text]<\/p>\n<h1 style=\"text-align: left;\">ISO 9001:2015<\/h1>\n<p>[\/vc_column_text][\/vc_column][vc_column css_animation=\u00bbfadeIn\u00bb width=\u00bb2\/3&#8243;][vc_single_image image=\u00bb21915&#8243; img_size=\u00bbmedium\u00bb alignment=\u00bbcenter\u00bb][vc_empty_space height=\u00bb25px\u00bb][vc_column_text]<\/p>\n<p class=\"p1\" style=\"text-align: left;\"><span class=\"s1\" style=\"color: #8b1c40;\">Segal ya dispon\u00eda del ISO 9001, la certificaci\u00f3n internacional de gesti\u00f3n de calidad con mayor reconocimiento mundial. Ahora hemos conseguido la mejorada ISO 9001:2015 que nos sit\u00faa un nivel m\u00e1s all\u00e1.<\/span><\/p>\n<p class=\"p1\" style=\"text-align: left;\"><span class=\"s1\" style=\"color: #8b1c40;\">Esta nueva certificaci\u00f3n destaca por haber mejorado en la evaluaci\u00f3n de riesgos y las oportunidades en cada secci\u00f3n de la empresa.<\/span><\/p>\n<p>[\/vc_column_text][vc_column_text]<\/p>\n<h1 style=\"text-align: left;\">ISO 9001:2015<\/h1>\n<p>[\/vc_column_text][vc_column_text]<\/p>\n<p class=\"p1\" style=\"text-align: left;\"><span style=\"text-decoration: underline;\"><a href=\"https:\/\/sergalgr.com\/wp-content\/uploads\/2019\/03\/Politica-de-Calidad.pdf\" target=\"_blank\" rel=\"noopener\"><span style=\"color: #8b1c40; text-decoration: underline;\">Visualiza nuestra pol\u00edtica de calidad<\/span><\/a><\/span><\/p>\n<p>[\/vc_column_text][\/vc_column][\/vc_row][vc_row][vc_column][vc_empty_space height=\u00bb50px\u00bb][\/vc_column][\/vc_row]<\/p>\n<\/section>","protected":false},"excerpt":{"rendered":"<p>[vc_row full_width=\u00bbstretch_row_content_no_spaces\u00bb full_height=\u00bbyes\u00bb bg_type=\u00bbimage\u00bb parallax_style=\u00bbvcpb-vz-jquery\u00bb bg_image_new=\u00bbid^133|url^https:\/\/sergalgr.com\/wp-content\/uploads\/2018\/11\/DSC0077b.jpg|caption^null|alt^null|title^_DSC0077b|description^null\u00bb bg_image_repeat=\u00bbno-repeat\u00bb][vc_column][vc_column_text] inSergal\u00ae [\/vc_column_text][\/vc_column][\/vc_row][vc_row][vc_column][vc_empty_space height=\u00bb50px\u00bb][\/vc_column][\/vc_row][vc_row][vc_column width=\u00bb1\/6&#8243;][\/vc_column][vc_column css_animation=\u00bbfadeIn\u00bb width=\u00bb2\/3&#8243;][vc_column_text] inSergal\u00ae es el nuevo concepto de centro de inseminaci\u00f3n artificial, con el m\u00e1ss estricto control de calidad y con el uso y la aplicaci\u00f3n de la tecnolog\u00eda m\u00e1s avanzada, que nos permite ofrecer m\u00e1xima trazabilidad, transparencia y fiabilidad a los clientes. [\/vc_column_text][vc_empty_space&hellip;<\/p>\n","protected":false},"author":1,"featured_media":0,"parent":0,"menu_order":0,"comment_status":"closed","ping_status":"closed","template":"template-microsite.php","meta":{"footnotes":""},"class_list":["post-230","page","type-page","status-publish","hentry","description-off"],"yoast_head":"<!-- This site is optimized with the Yoast SEO plugin v26.9 - https:\/\/yoast.com\/product\/yoast-seo-wordpress\/ -->\n<title>CIA InSergal - Sergal Gesti\u00f3 Ramadera<\/title>\n<meta name=\"description\" content=\"La revoluci\u00f3n digital del centro de inseminaci\u00f3n artificial. Tecnolog\u00eda avanzada, para ofrecer m\u00e1xima trazabilidad, transparencia y fiabilidad.\" \/>\n<meta name=\"robots\" content=\"index, follow, max-snippet:-1, max-image-preview:large, max-video-preview:-1\" \/>\n<link rel=\"canonical\" href=\"https:\/\/sergalgr.com\/es\/cia-insergal\/\" \/>\n<meta property=\"og:locale\" content=\"es_ES\" \/>\n<meta property=\"og:type\" content=\"article\" \/>\n<meta property=\"og:title\" content=\"CIA InSergal - Sergal Gesti\u00f3 Ramadera\" \/>\n<meta property=\"og:description\" content=\"La revoluci\u00f3n digital del centro de inseminaci\u00f3n artificial. Tecnolog\u00eda avanzada, para ofrecer m\u00e1xima trazabilidad, transparencia y fiabilidad.\" \/>\n<meta property=\"og:url\" content=\"https:\/\/sergalgr.com\/es\/cia-insergal\/\" \/>\n<meta property=\"og:site_name\" content=\"Sergal Gesti\u00f3 Ramadera\" \/>\n<meta property=\"article:modified_time\" content=\"2021-09-16T10:38:45+00:00\" \/>\n<meta name=\"twitter:card\" content=\"summary_large_image\" \/>\n<meta name=\"twitter:site\" content=\"@Sergalgr\" \/>\n<meta name=\"twitter:label1\" content=\"Tiempo de lectura\" \/>\n\t<meta name=\"twitter:data1\" content=\"3 minutos\" \/>\n<script type=\"application\/ld+json\" class=\"yoast-schema-graph\">{\"@context\":\"https:\/\/schema.org\",\"@graph\":[{\"@type\":\"WebPage\",\"@id\":\"https:\/\/sergalgr.com\/es\/cia-insergal\/\",\"url\":\"https:\/\/sergalgr.com\/es\/cia-insergal\/\",\"name\":\"CIA InSergal - Sergal Gesti\u00f3 Ramadera\",\"isPartOf\":{\"@id\":\"https:\/\/sergalgr.com\/#website\"},\"datePublished\":\"2018-11-27T12:10:30+00:00\",\"dateModified\":\"2021-09-16T10:38:45+00:00\",\"description\":\"La revoluci\u00f3n digital del centro de inseminaci\u00f3n artificial. Tecnolog\u00eda avanzada, para ofrecer m\u00e1xima trazabilidad, transparencia y fiabilidad.\",\"breadcrumb\":{\"@id\":\"https:\/\/sergalgr.com\/es\/cia-insergal\/#breadcrumb\"},\"inLanguage\":\"es\",\"potentialAction\":[{\"@type\":\"ReadAction\",\"target\":[\"https:\/\/sergalgr.com\/es\/cia-insergal\/\"]}]},{\"@type\":\"BreadcrumbList\",\"@id\":\"https:\/\/sergalgr.com\/es\/cia-insergal\/#breadcrumb\",\"itemListElement\":[{\"@type\":\"ListItem\",\"position\":1,\"name\":\"Inici\",\"item\":\"https:\/\/sergalgr.com\/es\/\"},{\"@type\":\"ListItem\",\"position\":2,\"name\":\"CIA InSergal\"}]},{\"@type\":\"WebSite\",\"@id\":\"https:\/\/sergalgr.com\/#website\",\"url\":\"https:\/\/sergalgr.com\/\",\"name\":\"Sergal Gesti\u00f3 Ramadera\",\"description\":\"Especialitzats en alta gen\u00e8tica porcina\",\"potentialAction\":[{\"@type\":\"SearchAction\",\"target\":{\"@type\":\"EntryPoint\",\"urlTemplate\":\"https:\/\/sergalgr.com\/?s={search_term_string}\"},\"query-input\":{\"@type\":\"PropertyValueSpecification\",\"valueRequired\":true,\"valueName\":\"search_term_string\"}}],\"inLanguage\":\"es\"}]}<\/script>\n<!-- \/ Yoast SEO plugin. -->","yoast_head_json":{"title":"CIA InSergal - Sergal Gesti\u00f3 Ramadera","description":"La revoluci\u00f3n digital del centro de inseminaci\u00f3n artificial. Tecnolog\u00eda avanzada, para ofrecer m\u00e1xima trazabilidad, transparencia y fiabilidad.","robots":{"index":"index","follow":"follow","max-snippet":"max-snippet:-1","max-image-preview":"max-image-preview:large","max-video-preview":"max-video-preview:-1"},"canonical":"https:\/\/sergalgr.com\/es\/cia-insergal\/","og_locale":"es_ES","og_type":"article","og_title":"CIA InSergal - Sergal Gesti\u00f3 Ramadera","og_description":"La revoluci\u00f3n digital del centro de inseminaci\u00f3n artificial. Tecnolog\u00eda avanzada, para ofrecer m\u00e1xima trazabilidad, transparencia y fiabilidad.","og_url":"https:\/\/sergalgr.com\/es\/cia-insergal\/","og_site_name":"Sergal Gesti\u00f3 Ramadera","article_modified_time":"2021-09-16T10:38:45+00:00","twitter_card":"summary_large_image","twitter_site":"@Sergalgr","twitter_misc":{"Tiempo de lectura":"3 minutos"},"schema":{"@context":"https:\/\/schema.org","@graph":[{"@type":"WebPage","@id":"https:\/\/sergalgr.com\/es\/cia-insergal\/","url":"https:\/\/sergalgr.com\/es\/cia-insergal\/","name":"CIA InSergal - Sergal Gesti\u00f3 Ramadera","isPartOf":{"@id":"https:\/\/sergalgr.com\/#website"},"datePublished":"2018-11-27T12:10:30+00:00","dateModified":"2021-09-16T10:38:45+00:00","description":"La revoluci\u00f3n digital del centro de inseminaci\u00f3n artificial. Tecnolog\u00eda avanzada, para ofrecer m\u00e1xima trazabilidad, transparencia y fiabilidad.","breadcrumb":{"@id":"https:\/\/sergalgr.com\/es\/cia-insergal\/#breadcrumb"},"inLanguage":"es","potentialAction":[{"@type":"ReadAction","target":["https:\/\/sergalgr.com\/es\/cia-insergal\/"]}]},{"@type":"BreadcrumbList","@id":"https:\/\/sergalgr.com\/es\/cia-insergal\/#breadcrumb","itemListElement":[{"@type":"ListItem","position":1,"name":"Inici","item":"https:\/\/sergalgr.com\/es\/"},{"@type":"ListItem","position":2,"name":"CIA InSergal"}]},{"@type":"WebSite","@id":"https:\/\/sergalgr.com\/#website","url":"https:\/\/sergalgr.com\/","name":"Sergal Gesti\u00f3 Ramadera","description":"Especialitzats en alta gen\u00e8tica porcina","potentialAction":[{"@type":"SearchAction","target":{"@type":"EntryPoint","urlTemplate":"https:\/\/sergalgr.com\/?s={search_term_string}"},"query-input":{"@type":"PropertyValueSpecification","valueRequired":true,"valueName":"search_term_string"}}],"inLanguage":"es"}]}},"_links":{"self":[{"href":"https:\/\/sergalgr.com\/es\/wp-json\/wp\/v2\/pages\/230","targetHints":{"allow":["GET"]}}],"collection":[{"href":"https:\/\/sergalgr.com\/es\/wp-json\/wp\/v2\/pages"}],"about":[{"href":"https:\/\/sergalgr.com\/es\/wp-json\/wp\/v2\/types\/page"}],"author":[{"embeddable":true,"href":"https:\/\/sergalgr.com\/es\/wp-json\/wp\/v2\/users\/1"}],"replies":[{"embeddable":true,"href":"https:\/\/sergalgr.com\/es\/wp-json\/wp\/v2\/comments?post=230"}],"version-history":[{"count":14,"href":"https:\/\/sergalgr.com\/es\/wp-json\/wp\/v2\/pages\/230\/revisions"}],"predecessor-version":[{"id":22564,"href":"https:\/\/sergalgr.com\/es\/wp-json\/wp\/v2\/pages\/230\/revisions\/22564"}],"wp:attachment":[{"href":"https:\/\/sergalgr.com\/es\/wp-json\/wp\/v2\/media?parent=230"}],"curies":[{"name":"wp","href":"https:\/\/api.w.org\/{rel}","templated":true}]}}