{"id":240,"date":"2018-11-27T14:00:34","date_gmt":"2018-11-27T12:00:34","guid":{"rendered":"https:\/\/sergalgr.com\/linies-maternes\/"},"modified":"2021-09-16T12:48:54","modified_gmt":"2021-09-16T10:48:54","slug":"lineas-maternas","status":"publish","type":"page","link":"https:\/\/sergalgr.com\/es\/lineas-maternas\/","title":{"rendered":"L\u00edneas maternas"},"content":{"rendered":"<section class=\"wpb-content-wrapper\"><p>[vc_row full_width=\u00bbstretch_row_content_no_spaces\u00bb full_height=\u00bbyes\u00bb][vc_column]\n\t\t\t<!-- START lineas maternas esp REVOLUTION SLIDER 6.7.38 --><p class=\"rs-p-wp-fix\"><\/p>\n\t\t\t<rs-module-wrap id=\"rev_slider_4_1_wrapper\" data-source=\"gallery\" style=\"visibility:hidden;background:transparent;padding:0;\">\n\t\t\t\t<rs-module id=\"rev_slider_4_1\" style=\"\" data-version=\"6.7.38\">\n\t\t\t\t\t<rs-slides style=\"overflow: hidden; position: absolute;\">\n\t\t\t\t\t\t<rs-slide style=\"position: absolute;\" data-key=\"rs-8\" data-title=\"Slide\" data-anim=\"adpr:false;\" data-in=\"o:0;\" data-out=\"a:false;\">\n\t\t\t\t\t\t\t<img decoding=\"async\" src=\"\/\/sergalgr.com\/wp-content\/plugins\/revslider\/sr6\/assets\/assets\/dummy.png\" alt=\"\" title=\"L\u00edneas maternas\" class=\"rev-slidebg tp-rs-img rs-lazyload\" data-lazyload=\"\/\/img.youtube.com\/vi\/lJIEPH1f-lQ\/maxresdefault.jpg\" data-no-retina>\n\t\t\t\t\t\t\t<rs-bgvideo \n\t\t\t\t\t\t\t\tdata-video=\"vc:none;w:100%;h:100%;nse:false;l:loop;ptimer:true;\"\n\t\t\t\t\t\t\t\tdata-ytid=\"lJIEPH1f-lQ\"\n\t\t\t\t\t\t\t\tdata-vatr=\"version=3&amp;enablejsapi=1&amp;html5=1&amp;hd=1&amp;wmode=opaque&amp;showinfo=0&amp;rel=0&amp;origin=https:\/\/sergalgr.com;\"\n\t\t\t\t\t\t\t><\/rs-bgvideo>\n<!--\n\t\t\t\t\t\t\t--><h1\n\t\t\t\t\t\t\t\tid=\"slider-4-slide-8-layer-1\" \n\t\t\t\t\t\t\t\tclass=\"rs-layer\"\n\t\t\t\t\t\t\t\tdata-type=\"text\"\n\t\t\t\t\t\t\t\tdata-color=\"#ffffff\"\n\t\t\t\t\t\t\t\tdata-rsp_ch=\"on\"\n\t\t\t\t\t\t\t\tdata-xy=\"x:c;y:c;\"\n\t\t\t\t\t\t\t\tdata-text=\"s:40;l:45;fw:300;a:center;\"\n\t\t\t\t\t\t\t\tdata-frame_999=\"o:0;st:w;sR:8700;\"\n\t\t\t\t\t\t\t\tstyle=\"z-index:5;font-family:'Lato';\"\n\t\t\t\t\t\t\t>La calidad <br\/>\ncomo emblema \n\t\t\t\t\t\t\t<\/h1><!--\n-->\t\t\t\t\t<\/rs-slide>\n\t\t\t\t\t<\/rs-slides>\n\t\t\t\t<\/rs-module>\n\t\t\t\t<script>\n\t\t\t\t\tsetREVStartSize({c: 'rev_slider_4_1',rl:[1240,1024,778,480],el:[868],gw:[1240],gh:[868],type:'hero',justify:'',layout:'fullscreen',offsetContainer:'',offset:'',mh:\"0\"});if (window.RS_MODULES!==undefined && window.RS_MODULES.modules!==undefined && window.RS_MODULES.modules[\"revslider41\"]!==undefined) {window.RS_MODULES.modules[\"revslider41\"].once = false;window.revapi4 = undefined;if (window.RS_MODULES.checkMinimal!==undefined) window.RS_MODULES.checkMinimal()}\n\t\t\t\t<\/script>\n\t\t\t<\/rs-module-wrap>\n\t\t\t<!-- END REVOLUTION SLIDER -->\n[\/vc_column][\/vc_row][vc_row][vc_column][vc_empty_space height=\u00bb50px\u00bb][\/vc_column][\/vc_row][vc_row][vc_column width=\u00bb1\/6&#8243;][\/vc_column][vc_column css_animation=\u00bbfadeIn\u00bb width=\u00bb2\/3&#8243;][vc_column_text]<\/p>\n<h1 style=\"text-align: center;\"><span style=\"color: #000000;\">Animales con un extraordinario comportamiento y con unas muy buenas caracter\u00edsticas de reproducci\u00f3n, de crecimiento, \u00edndice de conversi\u00f3n y de alta calidad de canal.<\/span><\/h1>\n<p>[\/vc_column_text][vc_empty_space height=\u00bb50px\u00bb][vc_column_text]<\/p>\n<p style=\"text-align: center;\"><span style=\"color: #8b1c40;\">Una vez nuestro cliente nos muestra la confianza para trabajar conjuntamente, activamos el \u00abPlan de adaptaci\u00f3n\u00bb de los animales en su explotaci\u00f3n. De este modo, podemos garantizar un buen rendimiento de los animales una vez entrados en cada una de las granjas.<\/span><\/p>\n<p>[\/vc_column_text][\/vc_column][vc_column width=\u00bb1\/6&#8243;][\/vc_column][\/vc_row][vc_row][vc_column][vc_empty_space height=\u00bb50px\u00bb][vc_separator color=\u00bbcustom\u00bb accent_color=\u00bb#8b1c40&#8243;][vc_empty_space height=\u00bb50px\u00bb][\/vc_column][\/vc_row][vc_row][vc_column width=\u00bb1\/3&#8243;][vc_single_image image=\u00bb22487&#8243; img_size=\u00bbfull\u00bb][\/vc_column][vc_column width=\u00bb2\/3&#8243;][vc_column_text]<\/p>\n<h1><span style=\"color: #8b1c40;\">Camborough\u00ae<\/span><\/h1>\n<p>[\/vc_column_text][vc_column_text]<span style=\"color: #8b1c40;\">La cerda Camborough\u00ae es una madre excepcional. Dise\u00f1ada para maximizar los kilos de cerdo destetados por a\u00f1o con una excelente eficiencia alimenticia, la cerda Camborough\u00ae puede reproducirse tres semanas antes que las cerdas de otras gen\u00e9ticas. Esto da como resultado un mayor n\u00famero total de lechones por cerda por a\u00f1o y menores costos de producci\u00f3n.<\/span>[\/vc_column_text][vc_column_text]<span style=\"color: #8b1c40;\">La cerda Camborough\u00ae es la opci\u00f3n ideal para los porcicultores que desean experimentar la combinaci\u00f3n de alta prolificidad y un menor costo de producci\u00f3n.<\/span><\/p>\n<p><span style=\"color: #8b1c40;\">Indicadores de rentabilidad:<\/span><\/p>\n<p><span style=\"color: #8b1c40;\">\u2022 Camadas grandes con lechones uniformes y vigorosos<br \/>\n\u2022 Menor costo por lech\u00f3n destetado<br \/>\n\u2022 Cerdas con larga vida productiva<br \/>\n\u2022 Cerdas con baja mortalidad<\/span>[\/vc_column_text][\/vc_column][\/vc_row][vc_row][vc_column][vc_empty_space height=\u00bb50px\u00bb][vc_separator color=\u00bbcustom\u00bb accent_color=\u00bb#8b1c40&#8243;][vc_empty_space height=\u00bb50px\u00bb][\/vc_column][\/vc_row][vc_row][vc_column width=\u00bb1\/3&#8243;][vc_column_text]<\/p>\n<h1>Absolutas garant\u00edas<\/h1>\n<p>[\/vc_column_text][\/vc_column][vc_column width=\u00bb2\/6&#8243;][vc_empty_space height=\u00bb25px\u00bb][vc_column_text]<span style=\"color: #8b1c40;\">En l\u00edneas maternas, seleccionamos y comercializamos animales con un mayor n\u00famero total de lechones por a\u00f1o y menores costes de producci\u00f3n.<\/span>[\/vc_column_text][\/vc_column][vc_column width=\u00bb2\/6&#8243;][vc_single_image image=\u00bb22506&#8243; alignment=\u00bbcenter\u00bb onclick=\u00bbcustom_link\u00bb img_link_target=\u00bb_blank\u00bb link=\u00bbhttps:%2F%2Fes.pic.com%2F|\u00bb][vc_separator color=\u00bbcustom\u00bb accent_color=\u00bb#8b1c40&#8243;][vc_column_text]<\/p>\n<p style=\"text-align: center;\"><a href=\"https:\/\/es.pic.com\/\" target=\"_blank\" rel=\"noopener\"><span style=\"color: #8b1c40;\">PIC<\/span><\/a><\/p>\n<p>[\/vc_column_text][\/vc_column][\/vc_row][vc_row][vc_column][vc_empty_space height=\u00bb50px\u00bb][\/vc_column][\/vc_row]<\/p>\n<\/section>","protected":false},"excerpt":{"rendered":"<p>[vc_row full_width=\u00bbstretch_row_content_no_spaces\u00bb full_height=\u00bbyes\u00bb][vc_column][\/vc_column][\/vc_row][vc_row][vc_column][vc_empty_space height=\u00bb50px\u00bb][\/vc_column][\/vc_row][vc_row][vc_column width=\u00bb1\/6&#8243;][\/vc_column][vc_column css_animation=\u00bbfadeIn\u00bb width=\u00bb2\/3&#8243;][vc_column_text] Animales con un extraordinario comportamiento y con unas muy buenas caracter\u00edsticas de reproducci\u00f3n, de crecimiento, \u00edndice de conversi\u00f3n y de alta calidad de canal. [\/vc_column_text][vc_empty_space height=\u00bb50px\u00bb][vc_column_text] Una vez nuestro cliente nos muestra la confianza para trabajar conjuntamente, activamos el \u00abPlan de adaptaci\u00f3n\u00bb de los animales en su explotaci\u00f3n.&hellip;<\/p>\n","protected":false},"author":1,"featured_media":0,"parent":0,"menu_order":0,"comment_status":"closed","ping_status":"closed","template":"template-microsite.php","meta":{"footnotes":""},"class_list":["post-240","page","type-page","status-publish","hentry","description-off"],"yoast_head":"<!-- This site is optimized with the Yoast SEO plugin v26.9 - https:\/\/yoast.com\/product\/yoast-seo-wordpress\/ -->\n<title>L\u00edneas maternas - Sergal Gesti\u00f3 Ramadera<\/title>\n<meta name=\"robots\" content=\"index, follow, max-snippet:-1, max-image-preview:large, max-video-preview:-1\" \/>\n<link rel=\"canonical\" href=\"https:\/\/sergalgr.com\/es\/lineas-maternas\/\" \/>\n<meta property=\"og:locale\" content=\"es_ES\" \/>\n<meta property=\"og:type\" content=\"article\" \/>\n<meta property=\"og:title\" content=\"L\u00edneas maternas - Sergal Gesti\u00f3 Ramadera\" \/>\n<meta property=\"og:description\" content=\"[vc_row full_width=\u00bbstretch_row_content_no_spaces\u00bb full_height=\u00bbyes\u00bb][vc_column][\/vc_column][\/vc_row][vc_row][vc_column][vc_empty_space height=\u00bb50px\u00bb][\/vc_column][\/vc_row][vc_row][vc_column width=\u00bb1\/6&#8243;][\/vc_column][vc_column css_animation=\u00bbfadeIn\u00bb width=\u00bb2\/3&#8243;][vc_column_text] Animales con un extraordinario comportamiento y con unas muy buenas caracter\u00edsticas de reproducci\u00f3n, de crecimiento, \u00edndice de conversi\u00f3n y de alta calidad de canal. [\/vc_column_text][vc_empty_space height=\u00bb50px\u00bb][vc_column_text] Una vez nuestro cliente nos muestra la confianza para trabajar conjuntamente, activamos el \u00abPlan de adaptaci\u00f3n\u00bb de los animales en su explotaci\u00f3n.&hellip;\" \/>\n<meta property=\"og:url\" content=\"https:\/\/sergalgr.com\/es\/lineas-maternas\/\" \/>\n<meta property=\"og:site_name\" content=\"Sergal Gesti\u00f3 Ramadera\" \/>\n<meta property=\"article:modified_time\" content=\"2021-09-16T10:48:54+00:00\" \/>\n<meta name=\"twitter:card\" content=\"summary_large_image\" \/>\n<meta name=\"twitter:site\" content=\"@Sergalgr\" \/>\n<meta name=\"twitter:label1\" content=\"Tiempo de lectura\" \/>\n\t<meta name=\"twitter:data1\" content=\"2 minutos\" \/>\n<script type=\"application\/ld+json\" class=\"yoast-schema-graph\">{\"@context\":\"https:\/\/schema.org\",\"@graph\":[{\"@type\":\"WebPage\",\"@id\":\"https:\/\/sergalgr.com\/es\/lineas-maternas\/\",\"url\":\"https:\/\/sergalgr.com\/es\/lineas-maternas\/\",\"name\":\"L\u00edneas maternas - Sergal Gesti\u00f3 Ramadera\",\"isPartOf\":{\"@id\":\"https:\/\/sergalgr.com\/#website\"},\"datePublished\":\"2018-11-27T12:00:34+00:00\",\"dateModified\":\"2021-09-16T10:48:54+00:00\",\"breadcrumb\":{\"@id\":\"https:\/\/sergalgr.com\/es\/lineas-maternas\/#breadcrumb\"},\"inLanguage\":\"es\",\"potentialAction\":[{\"@type\":\"ReadAction\",\"target\":[\"https:\/\/sergalgr.com\/es\/lineas-maternas\/\"]}]},{\"@type\":\"BreadcrumbList\",\"@id\":\"https:\/\/sergalgr.com\/es\/lineas-maternas\/#breadcrumb\",\"itemListElement\":[{\"@type\":\"ListItem\",\"position\":1,\"name\":\"Inici\",\"item\":\"https:\/\/sergalgr.com\/es\/\"},{\"@type\":\"ListItem\",\"position\":2,\"name\":\"L\u00edneas maternas\"}]},{\"@type\":\"WebSite\",\"@id\":\"https:\/\/sergalgr.com\/#website\",\"url\":\"https:\/\/sergalgr.com\/\",\"name\":\"Sergal Gesti\u00f3 Ramadera\",\"description\":\"Especialitzats en alta gen\u00e8tica porcina\",\"potentialAction\":[{\"@type\":\"SearchAction\",\"target\":{\"@type\":\"EntryPoint\",\"urlTemplate\":\"https:\/\/sergalgr.com\/?s={search_term_string}\"},\"query-input\":{\"@type\":\"PropertyValueSpecification\",\"valueRequired\":true,\"valueName\":\"search_term_string\"}}],\"inLanguage\":\"es\"}]}<\/script>\n<!-- \/ Yoast SEO plugin. -->","yoast_head_json":{"title":"L\u00edneas maternas - Sergal Gesti\u00f3 Ramadera","robots":{"index":"index","follow":"follow","max-snippet":"max-snippet:-1","max-image-preview":"max-image-preview:large","max-video-preview":"max-video-preview:-1"},"canonical":"https:\/\/sergalgr.com\/es\/lineas-maternas\/","og_locale":"es_ES","og_type":"article","og_title":"L\u00edneas maternas - Sergal Gesti\u00f3 Ramadera","og_description":"[vc_row full_width=\u00bbstretch_row_content_no_spaces\u00bb full_height=\u00bbyes\u00bb][vc_column][\/vc_column][\/vc_row][vc_row][vc_column][vc_empty_space height=\u00bb50px\u00bb][\/vc_column][\/vc_row][vc_row][vc_column width=\u00bb1\/6&#8243;][\/vc_column][vc_column css_animation=\u00bbfadeIn\u00bb width=\u00bb2\/3&#8243;][vc_column_text] Animales con un extraordinario comportamiento y con unas muy buenas caracter\u00edsticas de reproducci\u00f3n, de crecimiento, \u00edndice de conversi\u00f3n y de alta calidad de canal. [\/vc_column_text][vc_empty_space height=\u00bb50px\u00bb][vc_column_text] Una vez nuestro cliente nos muestra la confianza para trabajar conjuntamente, activamos el \u00abPlan de adaptaci\u00f3n\u00bb de los animales en su explotaci\u00f3n.&hellip;","og_url":"https:\/\/sergalgr.com\/es\/lineas-maternas\/","og_site_name":"Sergal Gesti\u00f3 Ramadera","article_modified_time":"2021-09-16T10:48:54+00:00","twitter_card":"summary_large_image","twitter_site":"@Sergalgr","twitter_misc":{"Tiempo de lectura":"2 minutos"},"schema":{"@context":"https:\/\/schema.org","@graph":[{"@type":"WebPage","@id":"https:\/\/sergalgr.com\/es\/lineas-maternas\/","url":"https:\/\/sergalgr.com\/es\/lineas-maternas\/","name":"L\u00edneas maternas - Sergal Gesti\u00f3 Ramadera","isPartOf":{"@id":"https:\/\/sergalgr.com\/#website"},"datePublished":"2018-11-27T12:00:34+00:00","dateModified":"2021-09-16T10:48:54+00:00","breadcrumb":{"@id":"https:\/\/sergalgr.com\/es\/lineas-maternas\/#breadcrumb"},"inLanguage":"es","potentialAction":[{"@type":"ReadAction","target":["https:\/\/sergalgr.com\/es\/lineas-maternas\/"]}]},{"@type":"BreadcrumbList","@id":"https:\/\/sergalgr.com\/es\/lineas-maternas\/#breadcrumb","itemListElement":[{"@type":"ListItem","position":1,"name":"Inici","item":"https:\/\/sergalgr.com\/es\/"},{"@type":"ListItem","position":2,"name":"L\u00edneas maternas"}]},{"@type":"WebSite","@id":"https:\/\/sergalgr.com\/#website","url":"https:\/\/sergalgr.com\/","name":"Sergal Gesti\u00f3 Ramadera","description":"Especialitzats en alta gen\u00e8tica porcina","potentialAction":[{"@type":"SearchAction","target":{"@type":"EntryPoint","urlTemplate":"https:\/\/sergalgr.com\/?s={search_term_string}"},"query-input":{"@type":"PropertyValueSpecification","valueRequired":true,"valueName":"search_term_string"}}],"inLanguage":"es"}]}},"_links":{"self":[{"href":"https:\/\/sergalgr.com\/es\/wp-json\/wp\/v2\/pages\/240","targetHints":{"allow":["GET"]}}],"collection":[{"href":"https:\/\/sergalgr.com\/es\/wp-json\/wp\/v2\/pages"}],"about":[{"href":"https:\/\/sergalgr.com\/es\/wp-json\/wp\/v2\/types\/page"}],"author":[{"embeddable":true,"href":"https:\/\/sergalgr.com\/es\/wp-json\/wp\/v2\/users\/1"}],"replies":[{"embeddable":true,"href":"https:\/\/sergalgr.com\/es\/wp-json\/wp\/v2\/comments?post=240"}],"version-history":[{"count":7,"href":"https:\/\/sergalgr.com\/es\/wp-json\/wp\/v2\/pages\/240\/revisions"}],"predecessor-version":[{"id":22570,"href":"https:\/\/sergalgr.com\/es\/wp-json\/wp\/v2\/pages\/240\/revisions\/22570"}],"wp:attachment":[{"href":"https:\/\/sergalgr.com\/es\/wp-json\/wp\/v2\/media?parent=240"}],"curies":[{"name":"wp","href":"https:\/\/api.w.org\/{rel}","templated":true}]}}