{"id":245,"date":"2018-11-26T18:47:43","date_gmt":"2018-11-26T16:47:43","guid":{"rendered":"https:\/\/sergalgr.com\/linies-paternes\/"},"modified":"2021-09-16T12:31:09","modified_gmt":"2021-09-16T10:31:09","slug":"linies-paternes","status":"publish","type":"page","link":"https:\/\/sergalgr.com\/es\/linies-paternes\/","title":{"rendered":"L\u00edneas paternas"},"content":{"rendered":"<section class=\"wpb-content-wrapper\"><p>[vc_row full_width=\u00bbstretch_row_content_no_spaces\u00bb full_height=\u00bbyes\u00bb bg_type=\u00bbimage\u00bb parallax_style=\u00bbvcpb-vz-jquery\u00bb bg_image_new=\u00bbid^66|url^https:\/\/sergalgr.com\/wp-content\/uploads\/2018\/11\/Sergal-slider-paternes.jpg|caption^null|alt^null|title^Sergal-slider-paternes|description^null\u00bb bg_image_repeat=\u00bbno-repeat\u00bb css=\u00bb.vc_custom_1631713488212{padding-top: 0px !important;}\u00bb][vc_column css=\u00bb.vc_custom_1631713475228{padding-top: 0px !important;}\u00bb][vc_column_text]<\/p>\n<h1 style=\"text-align: center;\"><span style=\"color: #ffffff;\">Animales de alta calidad<\/span><br \/>\n<span style=\"color: #ffffff;\">para el cliente exigente<\/span><\/h1>\n<p>&nbsp;[\/vc_column_text][\/vc_column][\/vc_row][vc_row][vc_column][vc_empty_space height=\u00bb50px\u00bb][\/vc_column][\/vc_row][vc_row][vc_column width=\u00bb1\/6&#8243;][\/vc_column][vc_column css_animation=\u00bbfadeIn\u00bb width=\u00bb2\/3&#8243;][vc_column_text]<\/p>\n<h1 style=\"text-align: center;\"><span style=\"color: #000000;\">Nuestra misi\u00f3n es la selecci\u00f3n y comercializaci\u00f3n de reproductores con unos est\u00e1ndares de calidad superiores.<\/span><\/h1>\n<p>&nbsp;[\/vc_column_text][\/vc_column][vc_column width=\u00bb1\/6&#8243;][\/vc_column][\/vc_row][vc_row][vc_column][vc_empty_space height=\u00bb50px\u00bb][\/vc_column][\/vc_row][vc_row][vc_column width=\u00bb1\/2&#8243;][vc_column_text]<span style=\"color: #8b1c40;\">Nuestra metodolog\u00eda consiste en una cuidado selecci\u00f3n de todos los ejemplares que comercializamos. Desde Sergal hay un seguimiento de los machos adquiridos por los clientes. Realizamos unos controles diarios de cualquier incidencia o anomal\u00eda que se pueda producir en los centros seminales e informamos mensualmente al cliente.<\/span>[\/vc_column_text][\/vc_column][vc_column width=\u00bb1\/2&#8243;][vc_column_text]<span style=\"color: #8b1c40;\">Con la llegada de los machos a nuestra explotaci\u00f3n (granjas de cuarentena), despu\u00e9s de realizarles el obligatorio control veterinario, iniciamos el control seminal para detectar cualquier tipo de morfoanomalia y de esta forma, poder asegurar el m\u00e1ximo de calidad seminal a nuestro cliente.<\/span>[\/vc_column_text][\/vc_column][\/vc_row][vc_row][vc_column][vc_empty_space height=\u00bb50px\u00bb][vc_separator color=\u00bbcustom\u00bb accent_color=\u00bb#8b1c40&#8243;][vc_empty_space height=\u00bb50px\u00bb][\/vc_column][\/vc_row][vc_row][vc_column width=\u00bb1\/3&#8243;][vc_single_image image=\u00bb22528&#8243; img_size=\u00bbfull\u00bb][\/vc_column][vc_column css_animation=\u00bbfadeIn\u00bb width=\u00bb2\/3&#8243;][vc_column_text]<\/p>\n<h1><span style=\"color: #8b1c40;\">PIC\u00ae800<\/span><\/h1>\n<p>&nbsp;[\/vc_column_text][vc_column_text]<span style=\"color: #8b1c40;\">El PIC\u00ae800 es el resultado de a\u00f1os de inversi\u00f3n y se centra en caracteres tales como la rusticidad, el crecimiento y la calidad de la carne. Estos esfuerzos han acelerado la ganancia gen\u00e9tica siendo el impacto visible en las granjas comerciales.<\/span><\/p>\n<p><span style=\"color: #8b1c40;\">PIC ha ampliado el tama\u00f1o de su poblaci\u00f3n de Duroc e incrementado la capacidad del Programa GNX l\u00edder en el mundo. Iniciada la selecci\u00f3n por terneza y cortes primarios de alto valor, estamos combinando las dos mejores poblaciones de Duroc a nivel global.<\/span>[\/vc_column_text][\/vc_column][\/vc_row][vc_row][vc_column][vc_empty_space height=\u00bb50px\u00bb][vc_separator color=\u00bbcustom\u00bb accent_color=\u00bb#8b1c40&#8243;][vc_empty_space height=\u00bb50px\u00bb][\/vc_column][\/vc_row][vc_row][vc_column width=\u00bb1\/3&#8243;][vc_single_image image=\u00bb22519&#8243; img_size=\u00bbfull\u00bb][\/vc_column][vc_column css_animation=\u00bbfadeIn\u00bb width=\u00bb2\/3&#8243;][vc_column_text]<\/p>\n<h1><span style=\"color: #8b1c40;\">PIC\u00ae337<\/span><\/h1>\n<p>&nbsp;[\/vc_column_text][vc_column_text]<span style=\"color: #8b1c40;\">Nuestro PIC\u00ae337 es la mejor opci\u00f3n para los porcicultores que desean utilizar un producto superior con una ganancia magra excepcional y eficiencia a pesos elevados.<\/span><\/p>\n<p><span style=\"color: #8b1c40;\">\u2022 Eficiencia en la ganancia magra<br \/>\n\u2022 Menos d\u00edas al sacrificio<br \/>\n\u2022 Conversi\u00f3n alimenticia superior<br \/>\n\u2022 Excelente desempe\u00f1o a pesos elevados<\/span>[\/vc_column_text][\/vc_column][\/vc_row][vc_row][vc_column][vc_empty_space height=\u00bb50px\u00bb][vc_separator color=\u00bbcustom\u00bb accent_color=\u00bb#8b1c40&#8243;][vc_empty_space height=\u00bb50px\u00bb][\/vc_column][\/vc_row][vc_row][vc_column width=\u00bb1\/3&#8243;][vc_single_image image=\u00bb22522&#8243; img_size=\u00bbfull\u00bb][\/vc_column][vc_column css_animation=\u00bbfadeIn\u00bb width=\u00bb2\/3&#8243;][vc_column_text]<\/p>\n<h1><span style=\"color: #8b1c40;\">PIC\u00ae408<\/span><\/h1>\n<p>&nbsp;[\/vc_column_text][vc_column_text]<span style=\"color: #8b1c40;\">Nuestro PIC\u00ae408 es la mejor opci\u00f3n para los porcicultores enfocados en cerdos destetados y en crecimiento, as\u00ed como para los porcicultores enfocados en la finalizaci\u00f3n, que desean mejorar la econom\u00eda total de sus operaciones.<\/span><\/p>\n<p><span style=\"color: #8b1c40;\">\u2022 Crecimiento m\u00e1s r\u00e1pido y m\u00e1s robusto.<br \/>\n\u2022 Finalizaci\u00f3n fluida y sin problemas<br \/>\n\u2022 Lechones con mayor vitalidad<\/span>[\/vc_column_text][\/vc_column][\/vc_row][vc_row][vc_column][vc_empty_space height=\u00bb50px\u00bb][vc_separator color=\u00bbcustom\u00bb accent_color=\u00bb#8b1c40&#8243;][vc_empty_space height=\u00bb50px\u00bb][\/vc_column][\/vc_row][vc_row][vc_column width=\u00bb1\/3&#8243;][vc_single_image image=\u00bb22525&#8243; img_size=\u00bbfull\u00bb][\/vc_column][vc_column css_animation=\u00bbfadeIn\u00bb width=\u00bb2\/3&#8243;][vc_column_text]<\/p>\n<h1><span style=\"color: #8b1c40;\">PIC\u00ae410<\/span><\/h1>\n<p>&nbsp;[\/vc_column_text][vc_column_text]<span style=\"color: #8b1c40;\">Nuestro PIC\u00ae410 es una excelente opci\u00f3n para los porcicultores que desean experimentar rendimientos de cortes primarios y robusticidad excepcional con un fuerte \u00e9nfasis en la rentabilidad total. Un excelente semental para los porcicultores que venden a un mercado consciente de la conformaci\u00f3n.<\/span><\/p>\n<p><span style=\"color: #8b1c40;\">\u2022 Robusticidad<br \/>\n\u2022 Excelente conformaci\u00f3n<br \/>\n\u2022 Alta producci\u00f3n y rentabilidad<\/span>[\/vc_column_text][\/vc_column][\/vc_row][vc_row][vc_column][vc_empty_space height=\u00bb50px\u00bb][vc_separator color=\u00bbcustom\u00bb accent_color=\u00bb#8b1c40&#8243;][vc_empty_space height=\u00bb50px\u00bb][\/vc_column][\/vc_row][vc_row][vc_column width=\u00bb1\/3&#8243;][vc_single_image image=\u00bb22516&#8243; img_size=\u00bbfull\u00bb][\/vc_column][vc_column css_animation=\u00bbfadeIn\u00bb width=\u00bb2\/3&#8243;][vc_column_text]<\/p>\n<h1><span style=\"color: #8b1c40;\">PIC\u00ae280MQ<\/span><\/h1>\n<p>&nbsp;[\/vc_column_text][vc_column_text]<span style=\"color: #8b1c40;\">Nuestro PIC\u00ae280MQ es el verraco para producir carne de calidad a bajo coste.<br \/>\n\u2022 Todas las ventajas de una l\u00ednea Duroc eficiente focalizado en calidad de carne<br \/>\n\u2022 Con un alto rendimiento econ\u00f3mico en cebadero.<\/span><\/p>\n<p><span style=\"color: #8b1c40;\">El verraco PIC\u00ae280MQ es la mejor elecci\u00f3n para aquellos productores que busquen reducir sus costes de producci\u00f3n y quieran mejorar la calidad de la carne para la producci\u00f3n de jamones, curados y carne fresca de alta calidad.<\/span>[\/vc_column_text][\/vc_column][\/vc_row][vc_row][vc_column][vc_empty_space height=\u00bb50px\u00bb][vc_separator color=\u00bbcustom\u00bb accent_color=\u00bb#8b1c40&#8243;][vc_empty_space height=\u00bb50px\u00bb][\/vc_column][\/vc_row][vc_row][vc_column width=\u00bb2\/6&#8243;][vc_empty_space height=\u00bb25px\u00bb][vc_column_text]<\/p>\n<h1>Absolutas garant\u00edas<\/h1>\n<p>&nbsp;[\/vc_column_text][\/vc_column][vc_column width=\u00bb2\/6&#8243;][vc_empty_space height=\u00bb25px\u00bb][vc_column_text]<span style=\"color: #8b1c40;\">En l\u00edneas paternas, seleccionamos y comercializamos animales con m\u00e1ximas garant\u00edas en razas de rendimiento excelente y de gran calidad de canal.<\/span>[\/vc_column_text][\/vc_column][vc_column width=\u00bb2\/6&#8243;][vc_single_image image=\u00bb22506&#8243; alignment=\u00bbcenter\u00bb onclick=\u00bbcustom_link\u00bb img_link_target=\u00bb_blank\u00bb link=\u00bbhttps:%2F%2Fes.pic.com%2F|\u00bb][vc_separator color=\u00bbcustom\u00bb accent_color=\u00bb#8b1c40&#8243;][vc_column_text]<\/p>\n<p style=\"text-align: center;\"><a href=\"https:\/\/es.pic.com\/\" target=\"_blank\" rel=\"noopener\"><span style=\"color: #8b1c40;\">PIC<\/span><\/a><\/p>\n<p>&nbsp;[\/vc_column_text][\/vc_column][\/vc_row][vc_row][vc_column][vc_empty_space height=\u00bb50px\u00bb][\/vc_column][\/vc_row]<\/p>\n<\/section>","protected":false},"excerpt":{"rendered":"<p>[vc_row full_width=\u00bbstretch_row_content_no_spaces\u00bb full_height=\u00bbyes\u00bb bg_type=\u00bbimage\u00bb parallax_style=\u00bbvcpb-vz-jquery\u00bb bg_image_new=\u00bbid^66|url^https:\/\/sergalgr.com\/wp-content\/uploads\/2018\/11\/Sergal-slider-paternes.jpg|caption^null|alt^null|title^Sergal-slider-paternes|description^null\u00bb bg_image_repeat=\u00bbno-repeat\u00bb css=\u00bb.vc_custom_1631713488212{padding-top: 0px !important;}\u00bb][vc_column css=\u00bb.vc_custom_1631713475228{padding-top: 0px !important;}\u00bb][vc_column_text] Animales de alta calidad para el cliente exigente &nbsp;[\/vc_column_text][\/vc_column][\/vc_row][vc_row][vc_column][vc_empty_space height=\u00bb50px\u00bb][\/vc_column][\/vc_row][vc_row][vc_column width=\u00bb1\/6&#8243;][\/vc_column][vc_column css_animation=\u00bbfadeIn\u00bb width=\u00bb2\/3&#8243;][vc_column_text] Nuestra misi\u00f3n es la selecci\u00f3n y comercializaci\u00f3n de reproductores con unos est\u00e1ndares de calidad superiores. &nbsp;[\/vc_column_text][\/vc_column][vc_column width=\u00bb1\/6&#8243;][\/vc_column][\/vc_row][vc_row][vc_column][vc_empty_space height=\u00bb50px\u00bb][\/vc_column][\/vc_row][vc_row][vc_column width=\u00bb1\/2&#8243;][vc_column_text]Nuestra metodolog\u00eda consiste en una cuidado selecci\u00f3n de todos los ejemplares&hellip;<\/p>\n","protected":false},"author":1,"featured_media":0,"parent":0,"menu_order":0,"comment_status":"closed","ping_status":"closed","template":"template-microsite.php","meta":{"footnotes":""},"class_list":["post-245","page","type-page","status-publish","hentry","description-off"],"yoast_head":"<!-- This site is optimized with the Yoast SEO plugin v26.9 - https:\/\/yoast.com\/product\/yoast-seo-wordpress\/ -->\n<title>L\u00edneas paternas - Sergal Gesti\u00f3 Ramadera<\/title>\n<meta name=\"robots\" content=\"index, follow, max-snippet:-1, max-image-preview:large, max-video-preview:-1\" \/>\n<link rel=\"canonical\" href=\"https:\/\/sergalgr.com\/es\/linies-paternes\/\" \/>\n<meta property=\"og:locale\" content=\"es_ES\" \/>\n<meta property=\"og:type\" content=\"article\" \/>\n<meta property=\"og:title\" content=\"L\u00edneas paternas - Sergal Gesti\u00f3 Ramadera\" \/>\n<meta property=\"og:description\" content=\"[vc_row full_width=\u00bbstretch_row_content_no_spaces\u00bb full_height=\u00bbyes\u00bb bg_type=\u00bbimage\u00bb parallax_style=\u00bbvcpb-vz-jquery\u00bb bg_image_new=\u00bbid^66|url^https:\/\/sergalgr.com\/wp-content\/uploads\/2018\/11\/Sergal-slider-paternes.jpg|caption^null|alt^null|title^Sergal-slider-paternes|description^null\u00bb bg_image_repeat=\u00bbno-repeat\u00bb css=\u00bb.vc_custom_1631713488212{padding-top: 0px !important;}\u00bb][vc_column css=\u00bb.vc_custom_1631713475228{padding-top: 0px !important;}\u00bb][vc_column_text] Animales de alta calidad para el cliente exigente &nbsp;[\/vc_column_text][\/vc_column][\/vc_row][vc_row][vc_column][vc_empty_space height=\u00bb50px\u00bb][\/vc_column][\/vc_row][vc_row][vc_column width=\u00bb1\/6&#8243;][\/vc_column][vc_column css_animation=\u00bbfadeIn\u00bb width=\u00bb2\/3&#8243;][vc_column_text] Nuestra misi\u00f3n es la selecci\u00f3n y comercializaci\u00f3n de reproductores con unos est\u00e1ndares de calidad superiores. &nbsp;[\/vc_column_text][\/vc_column][vc_column width=\u00bb1\/6&#8243;][\/vc_column][\/vc_row][vc_row][vc_column][vc_empty_space height=\u00bb50px\u00bb][\/vc_column][\/vc_row][vc_row][vc_column width=\u00bb1\/2&#8243;][vc_column_text]Nuestra metodolog\u00eda consiste en una cuidado selecci\u00f3n de todos los ejemplares&hellip;\" \/>\n<meta property=\"og:url\" content=\"https:\/\/sergalgr.com\/es\/linies-paternes\/\" \/>\n<meta property=\"og:site_name\" content=\"Sergal Gesti\u00f3 Ramadera\" \/>\n<meta property=\"article:modified_time\" content=\"2021-09-16T10:31:09+00:00\" \/>\n<meta name=\"twitter:card\" content=\"summary_large_image\" \/>\n<meta name=\"twitter:site\" content=\"@Sergalgr\" \/>\n<meta name=\"twitter:label1\" content=\"Tiempo de lectura\" \/>\n\t<meta name=\"twitter:data1\" content=\"3 minutos\" \/>\n<script type=\"application\/ld+json\" class=\"yoast-schema-graph\">{\"@context\":\"https:\/\/schema.org\",\"@graph\":[{\"@type\":\"WebPage\",\"@id\":\"https:\/\/sergalgr.com\/es\/linies-paternes\/\",\"url\":\"https:\/\/sergalgr.com\/es\/linies-paternes\/\",\"name\":\"L\u00edneas paternas - Sergal Gesti\u00f3 Ramadera\",\"isPartOf\":{\"@id\":\"https:\/\/sergalgr.com\/#website\"},\"datePublished\":\"2018-11-26T16:47:43+00:00\",\"dateModified\":\"2021-09-16T10:31:09+00:00\",\"breadcrumb\":{\"@id\":\"https:\/\/sergalgr.com\/es\/linies-paternes\/#breadcrumb\"},\"inLanguage\":\"es\",\"potentialAction\":[{\"@type\":\"ReadAction\",\"target\":[\"https:\/\/sergalgr.com\/es\/linies-paternes\/\"]}]},{\"@type\":\"BreadcrumbList\",\"@id\":\"https:\/\/sergalgr.com\/es\/linies-paternes\/#breadcrumb\",\"itemListElement\":[{\"@type\":\"ListItem\",\"position\":1,\"name\":\"Inici\",\"item\":\"https:\/\/sergalgr.com\/es\/\"},{\"@type\":\"ListItem\",\"position\":2,\"name\":\"L\u00edneas paternas\"}]},{\"@type\":\"WebSite\",\"@id\":\"https:\/\/sergalgr.com\/#website\",\"url\":\"https:\/\/sergalgr.com\/\",\"name\":\"Sergal Gesti\u00f3 Ramadera\",\"description\":\"Especialitzats en alta gen\u00e8tica porcina\",\"potentialAction\":[{\"@type\":\"SearchAction\",\"target\":{\"@type\":\"EntryPoint\",\"urlTemplate\":\"https:\/\/sergalgr.com\/?s={search_term_string}\"},\"query-input\":{\"@type\":\"PropertyValueSpecification\",\"valueRequired\":true,\"valueName\":\"search_term_string\"}}],\"inLanguage\":\"es\"}]}<\/script>\n<!-- \/ Yoast SEO plugin. -->","yoast_head_json":{"title":"L\u00edneas paternas - Sergal Gesti\u00f3 Ramadera","robots":{"index":"index","follow":"follow","max-snippet":"max-snippet:-1","max-image-preview":"max-image-preview:large","max-video-preview":"max-video-preview:-1"},"canonical":"https:\/\/sergalgr.com\/es\/linies-paternes\/","og_locale":"es_ES","og_type":"article","og_title":"L\u00edneas paternas - Sergal Gesti\u00f3 Ramadera","og_description":"[vc_row full_width=\u00bbstretch_row_content_no_spaces\u00bb full_height=\u00bbyes\u00bb bg_type=\u00bbimage\u00bb parallax_style=\u00bbvcpb-vz-jquery\u00bb bg_image_new=\u00bbid^66|url^https:\/\/sergalgr.com\/wp-content\/uploads\/2018\/11\/Sergal-slider-paternes.jpg|caption^null|alt^null|title^Sergal-slider-paternes|description^null\u00bb bg_image_repeat=\u00bbno-repeat\u00bb css=\u00bb.vc_custom_1631713488212{padding-top: 0px !important;}\u00bb][vc_column css=\u00bb.vc_custom_1631713475228{padding-top: 0px !important;}\u00bb][vc_column_text] Animales de alta calidad para el cliente exigente &nbsp;[\/vc_column_text][\/vc_column][\/vc_row][vc_row][vc_column][vc_empty_space height=\u00bb50px\u00bb][\/vc_column][\/vc_row][vc_row][vc_column width=\u00bb1\/6&#8243;][\/vc_column][vc_column css_animation=\u00bbfadeIn\u00bb width=\u00bb2\/3&#8243;][vc_column_text] Nuestra misi\u00f3n es la selecci\u00f3n y comercializaci\u00f3n de reproductores con unos est\u00e1ndares de calidad superiores. &nbsp;[\/vc_column_text][\/vc_column][vc_column width=\u00bb1\/6&#8243;][\/vc_column][\/vc_row][vc_row][vc_column][vc_empty_space height=\u00bb50px\u00bb][\/vc_column][\/vc_row][vc_row][vc_column width=\u00bb1\/2&#8243;][vc_column_text]Nuestra metodolog\u00eda consiste en una cuidado selecci\u00f3n de todos los ejemplares&hellip;","og_url":"https:\/\/sergalgr.com\/es\/linies-paternes\/","og_site_name":"Sergal Gesti\u00f3 Ramadera","article_modified_time":"2021-09-16T10:31:09+00:00","twitter_card":"summary_large_image","twitter_site":"@Sergalgr","twitter_misc":{"Tiempo de lectura":"3 minutos"},"schema":{"@context":"https:\/\/schema.org","@graph":[{"@type":"WebPage","@id":"https:\/\/sergalgr.com\/es\/linies-paternes\/","url":"https:\/\/sergalgr.com\/es\/linies-paternes\/","name":"L\u00edneas paternas - Sergal Gesti\u00f3 Ramadera","isPartOf":{"@id":"https:\/\/sergalgr.com\/#website"},"datePublished":"2018-11-26T16:47:43+00:00","dateModified":"2021-09-16T10:31:09+00:00","breadcrumb":{"@id":"https:\/\/sergalgr.com\/es\/linies-paternes\/#breadcrumb"},"inLanguage":"es","potentialAction":[{"@type":"ReadAction","target":["https:\/\/sergalgr.com\/es\/linies-paternes\/"]}]},{"@type":"BreadcrumbList","@id":"https:\/\/sergalgr.com\/es\/linies-paternes\/#breadcrumb","itemListElement":[{"@type":"ListItem","position":1,"name":"Inici","item":"https:\/\/sergalgr.com\/es\/"},{"@type":"ListItem","position":2,"name":"L\u00edneas paternas"}]},{"@type":"WebSite","@id":"https:\/\/sergalgr.com\/#website","url":"https:\/\/sergalgr.com\/","name":"Sergal Gesti\u00f3 Ramadera","description":"Especialitzats en alta gen\u00e8tica porcina","potentialAction":[{"@type":"SearchAction","target":{"@type":"EntryPoint","urlTemplate":"https:\/\/sergalgr.com\/?s={search_term_string}"},"query-input":{"@type":"PropertyValueSpecification","valueRequired":true,"valueName":"search_term_string"}}],"inLanguage":"es"}]}},"_links":{"self":[{"href":"https:\/\/sergalgr.com\/es\/wp-json\/wp\/v2\/pages\/245","targetHints":{"allow":["GET"]}}],"collection":[{"href":"https:\/\/sergalgr.com\/es\/wp-json\/wp\/v2\/pages"}],"about":[{"href":"https:\/\/sergalgr.com\/es\/wp-json\/wp\/v2\/types\/page"}],"author":[{"embeddable":true,"href":"https:\/\/sergalgr.com\/es\/wp-json\/wp\/v2\/users\/1"}],"replies":[{"embeddable":true,"href":"https:\/\/sergalgr.com\/es\/wp-json\/wp\/v2\/comments?post=245"}],"version-history":[{"count":11,"href":"https:\/\/sergalgr.com\/es\/wp-json\/wp\/v2\/pages\/245\/revisions"}],"predecessor-version":[{"id":22561,"href":"https:\/\/sergalgr.com\/es\/wp-json\/wp\/v2\/pages\/245\/revisions\/22561"}],"wp:attachment":[{"href":"https:\/\/sergalgr.com\/es\/wp-json\/wp\/v2\/media?parent=245"}],"curies":[{"name":"wp","href":"https:\/\/api.w.org\/{rel}","templated":true}]}}