{"id":257,"date":"2018-07-02T18:26:05","date_gmt":"2018-07-02T16:26:05","guid":{"rendered":"https:\/\/sergalgr.com\/?page_id=257"},"modified":"2020-10-13T15:05:30","modified_gmt":"2020-10-13T13:05:30","slug":"politica-de-privadesa","status":"publish","type":"page","link":"https:\/\/sergalgr.com\/es\/politica-de-privadesa\/","title":{"rendered":"Pol\u00edtica de privacidad"},"content":{"rendered":"<p class=\"p1\"><span class=\"s1\"><b>1. Titularitat del lloc web<\/b><\/span><\/p>\n<p class=\"p1\"><span class=\"s1\">El domini <a href=\"http:\/\/www.sergalgr.com\"><span class=\"s2\">www.sergalgr.com<\/span><\/a> \u00e9s titularitat de <b>SERGAL GESTI\u00d3 RAMADERA, S.L.<\/b> amb NIF <b>B64691363<\/b>, titular dels drets de propietat intel\u00b7lectual sobre les webs i els seus continguts, sens perjudici dels drets leg\u00edtims de tercers.<\/span><\/p>\n<p class=\"p1\"><span class=\"s1\">La societat titular est\u00e0 inscrita en el Registre Mercantil de Lleida, Volum ____, Foli <b>13<\/b>, Secci\u00f3 <b>1a<\/b>, Full <b>L-22873<\/b>, amb CIF <b>B64691363<\/b>, el domicili social de la qual es troba a l\u2019Avinguda Catalunya 5<b>, 25310, Agramunt, Lleida<\/b>. Es pot posar en contacte amb nosaltres a trav\u00e9s de l\u2019adre\u00e7a electr\u00f2nica seg\u00fcent: <a href=\"mailto:info@sergalgr.com\"><span class=\"s2\">info@sergalgr.com<\/span><\/a>.<\/span><\/p>\n<p class=\"p1\"><span class=\"s1\"><b>2. Termes i condicions<\/b><\/span><\/p>\n<p class=\"p1\"><span class=\"s1\">L\u2019usuari accedeix volunt\u00e0riament a aquest lloc web. L\u2019acc\u00e9s i navegaci\u00f3 en aquest lloc web implica acceptar i con\u00e8ixer els advertiments legals, condicions i termes d\u2019\u00fas que cont\u00e9. El fet d\u2019accedir no implica l\u2019establiment de cap tipus de relaci\u00f3 comercial entre <b>SERGAL GESTI\u00d3 RAMADERA, S.L.<\/b> i l\u2019usuari.<\/span><\/p>\n<p class=\"p1\"><span class=\"s1\">L\u2019Av\u00eds Legal i les condicions dels serveis prestats a trav\u00e9s d\u2019aquest lloc web, podran modificar-se quan <b>SERGAL GESTI\u00d3 RAMADERA, S.L.<\/b> ho consideri oport\u00fa o amb la finalitat d\u2019adequar-se als canvis legislatius i tecnol\u00f2gics futurs. Aquestes modificacions es notificaran de manera adequada i seran v\u00e0lides des de la seva publicaci\u00f3 en aquest lloc web, llevat que es manifesti el contrari.<\/span><\/p>\n<p class=\"p1\"><span class=\"s1\"><b>3. Productes i serveis<\/b><\/span><\/p>\n<p class=\"p1\"><span class=\"s1\"><b>SERGAL GESTI\u00d3 RAMADERA, S.L.<\/b> ofereix determinats serveis\/productes als usuaris, sotmesos als termes i condicions indicats en aquest lloc web, l\u2019usuari ha de llegir amb atenci\u00f3 les condicions que s\u2019apliquen a cada servei i que no eximiran en cap cas, llevat que es manifesti el contrari, del compliment del que s\u2019expressa en l\u2019Av\u00eds Legal.<\/span><\/p>\n<p class=\"p1\"><span class=\"s1\"><b>4. Continguts<\/b><\/span><\/p>\n<p class=\"p1\"><span class=\"s1\"><b>SERGAL GESTI\u00d3 RAMADERA, S.L.<\/b><span class=\"Apple-converted-space\">\u00a0 <\/span>realitza els m\u00e0xims esfor\u00e7os per evitar qualsevol error en els continguts que es publiquen en el lloc web. Tots els continguts que s&#8217;ofereixen a trav\u00e9s del lloc web es troben actualitzats, <b>SERGAL GESTI\u00d3 RAMADERA, S.L.<\/b> es reserva la facultat de poder modificar-los en qualsevol moment. <b>SERGAL GESTI\u00d3 RAMADERA, S.L.<\/b> no es responsabilitza de les conseq\u00fc\u00e8ncies que puguin derivar-se dels errors en els continguts proporcionats per tercers que puguin apar\u00e8ixer en aquest lloc web. <\/span><\/p>\n<p class=\"p1\"><span class=\"s1\"><b>SERGAL GESTI\u00d3 RAMADERA, S.L.<\/b> ofereix enlla\u00e7os, directa o indirectament, a recursos o llocs d&#8217;Internet que es troben fora d\u2019aquest lloc web. La pres\u00e8ncia d&#8217;aquests enlla\u00e7os en el lloc web tenen una finalitat informativa.<\/span><\/p>\n<p class=\"p1\"><span class=\"s1\"><b>5. Limitaci\u00f3 de responsabilitat <\/b><\/span><\/p>\n<p class=\"p1\"><span class=\"s1\">No es garanteix que els serveis del lloc web siguin ininterromputs, oportuns, segurs o lliures d&#8217;error, ni s&#8217;ofereix cap garantia pel que fa als resultats que es puguin obtenir de l&#8217;\u00fas dels serveis o de la precisi\u00f3 o fiabilitat de qualsevol informaci\u00f3 obtinguda. No es controlen, ni es fan propis, ni es garanteix l&#8217;exactitud, qualitat, veracitat, fiabilitat o idone\u00eftat de les informacions i serveis facilitats o prestats per tercers a trav\u00e9s del lloc web. De la mateixa manera, no controla ni garanteix l&#8217;abs\u00e8ncia de virus o altres elements lesius en els continguts o serveis facilitats o prestats per tercers a trav\u00e9s del lloc web.<\/span><\/p>\n<p class=\"p1\"><span class=\"s1\"><b>SERGAL GESTI\u00d3 RAMADERA, S.L.<\/b> tampoc es responsabilitza del contingut dels llocs web als quals enlla\u00e7a fora de la seva p\u00e0gina. Tampoc ser\u00e0 responsable de qualsevol dany o p\u00e8rdua que pugui sorgir per la connexi\u00f3 o per l&#8217;\u00fas de qualsevol contingut, producte o servei disponible en els llocs web als quals es dirigeixin els enlla\u00e7os. <b>SERGAL GESTI\u00d3 RAMADERA, S.L.<\/b> no pot garantir la disponibilitat i el correcte funcionament dels enlla\u00e7os a altres llocs web. <\/span><\/p>\n<p class=\"p1\"><span class=\"s1\"><b>6. Propietat Intel\u00b7lectual i industrial <\/b><\/span><\/p>\n<p class=\"p1\"><span class=\"s1\">Aquest lloc web i els seus continguts es troben protegits per la legislaci\u00f3 vigent en mat\u00e8ria de propietat intel\u00b7lectual. Es prohibeix la modificaci\u00f3, c\u00f2pia, reproducci\u00f3, desc\u00e0rrega, transmissi\u00f3, distribuci\u00f3 o transformaci\u00f3 dels continguts del Portal, si no es t\u00e9 l&#8217;autoritzaci\u00f3 del titular dels corresponents drets o es troba legalment perm\u00e8s. L&#8217;acc\u00e9s al lloc web no suposa en cap cas l\u2019adquisici\u00f3 per part dels usuaris de cap dret de propietat sobre els continguts que hi figuren. Les refer\u00e8ncies a marques comercials o marques registrades o signes distintius, ja siguin titularitat de <b>SERGAL GESTI\u00d3 RAMADERA, S.L.<\/b> o de terceres empreses, porten impl\u00edcites la prohibici\u00f3 sobre el seu \u00fas sense el consentiment de <b>SERGAL GESTI\u00d3 RAMADERA, S.L.<\/b> o els seus leg\u00edtims propietaris. En cap moment, excepte manifestaci\u00f3 expressa, l&#8217;acc\u00e9s o \u00fas del Portal i\/o dels seus continguts, confereix a l&#8217;usuari cap dret sobre les marques, logos, i\/o signes distintius en ell inclosos protegits per llei. <\/span><\/p>\n<p class=\"p1\"><span class=\"s1\"><b>7. Navegaci\u00f3 i seguretat <\/b><\/span><\/p>\n<p class=\"p1\"><span class=\"s1\"><b>SERGAL GESTI\u00d3 RAMADERA, S.L.<\/b> realitza els m\u00e0xims esfor\u00e7os per garantir que la navegaci\u00f3 a trav\u00e9s d&#8217;aquest lloc web es porti a terme en les millors condicions. <b>SERGAL GESTI\u00d3 RAMADERA, S.L.<\/b> no es fa responsable de cap tipus de perjudici sofert pels usuaris degut a l&#8217;\u00fas de navegadors o versions diferents dels navegadors per als quals ha estat dissenyat aquest lloc web. <\/span><\/p>\n<p class=\"p1\"><span class=\"s1\"><b>SERGAL GESTI\u00d3 RAMADERA, S.L.<\/b> no garanteix, ni es responsabilitza que l&#8217;acc\u00e9s a aquest lloc web sigui ininterromput o es trobi lliure d&#8217;error. En cap cas SERGAL GESTI\u00d3 RAMADERA, S.L. ser\u00e0 responsable dels perjudicis de qualsevol tipus que sorgeixin de l&#8217;acc\u00e9s i l&#8217;\u00fas d&#8217;aquest lloc web. <\/span><\/p>\n<p class=\"p1\"><span class=\"s1\"><b>8. Legislaci\u00f3 aplicable <\/b><\/span><\/p>\n<p class=\"p1\"><span class=\"s1\">Els termes i condicions que regeixen aquesta p\u00e0gina web, aix\u00ed com les relacions que se\u2019n poguessin derivar estan protegides i queden subjectes a la legislaci\u00f3 espanyola. <\/span><\/p>\n<p class=\"p1\"><span class=\"s1\"><b>9. Termes i condicions d&#8217;\u00fas <\/b><\/span><\/p>\n<p class=\"p1\"><span class=\"s1\"><b>SERGAL GESTI\u00d3 RAMADERA, S.L.<\/b> es reserva el dret a suspendre o cancel\u00b7lar l&#8217;acc\u00e9s en el cas que s&#8217;utilitzi per incomplir qualsevol llei aplicable o les normes d&#8217;\u00fas habituals a internet, o b\u00e9 si s&#8217;utilitza el seu domini en relaci\u00f3 amb una activitat il\u00b7legal, aix\u00ed com si es rep notificaci\u00f3 en aquest sentit em\u00e8s per una autoritat competent o en els altres sup\u00f2sits contemplats per la legislaci\u00f3 vigent. <\/span><\/p>\n<p class=\"p1\"><span class=\"s1\">Els usuaris, quan utilitzin el lloc web i els serveis vinculats, hauran de respectar les obligacions seg\u00fcents: <\/span><\/p>\n<p class=\"p1\"><span class=\"s1\">a. No introduir, emmagatzemar o difondre, mitjan\u00e7ant el lloc web o a trav\u00e9s de qualsevol dels seus serveis vinculats, cap programa d&#8217;ordinador, dada, virus, codi, o qualsevol altre instrument o dispositiu electr\u00f2nic que sigui susceptible de causar danys al lloc web, a qualsevol dels seus serveis vinculats o a qualsevol equip, sistema o xarxa del titular del domini, de qualsevol usuari, dels seus prove\u00efdors o en general de qualsevol tercer, o que d&#8217;una altra forma sigui capa\u00e7 de causar-los qualsevol tipus d&#8217;alteraci\u00f3 o impedir el seu funcionament normal. <\/span><\/p>\n<p class=\"p1\"><span class=\"s1\">b. No destruir, alterar, inutilitzar o danyar les dades, informacions, programes o documents electr\u00f2nics del titular del domini, dels seus prove\u00efdors o de tercers. <\/span><\/p>\n<p class=\"p1\"><span class=\"s1\">c. No utilitzar els continguts i, en particular, la informaci\u00f3 obtinguda a trav\u00e9s del lloc web per remetre publicitat, enviar missatges amb finalitats de venda o amb qualsevol altra fi comercial, ni per recollir o emmagatzemar dades personals de tercers. <\/span><\/p>\n<p class=\"p1\"><span class=\"s1\">d. Hauran d&#8217;abstenir-se d&#8217;eludir o manipular qualsevol dispositiu t\u00e8cnic establert, ja sigui en el lloc web, en qualsevol dels serveis o en qualsevol dels materials, elements o informaci\u00f3 que se n\u2019hagin obtingut, per a la protecci\u00f3 dels seus drets. <\/span><\/p>\n<p class=\"p1\"><span class=\"s1\">i. Hauran d&#8217;abstenir-se de suprimir els signes identificatius dels drets (de propietat intel\u00b7lectual, industrial o qualsevol altre) del titular del domini o dels tercers que figurin en el lloc web i en cadascun dels diversos serveis oferts. <\/span><\/p>\n<p class=\"p1\"><span class=\"s1\">f. S&#8217;abstindran de realitzar qualsevol actuaci\u00f3 que pogu\u00e9s comportar una desviaci\u00f3 del tr\u00e0nsit del lloc web.<\/span><\/p>\n","protected":false},"excerpt":{"rendered":"<p>1. Titularitat del lloc web El domini www.sergalgr.com \u00e9s titularitat de SERGAL GESTI\u00d3 RAMADERA, S.L. amb NIF B64691363, titular dels drets de propietat intel\u00b7lectual sobre les webs i els seus continguts, sens perjudici dels drets leg\u00edtims de tercers. La societat titular est\u00e0 inscrita en el Registre Mercantil de Lleida, Volum ____, Foli 13, Secci\u00f3 1a,&hellip;<\/p>\n","protected":false},"author":1,"featured_media":0,"parent":0,"menu_order":0,"comment_status":"closed","ping_status":"open","template":"","meta":{"footnotes":""},"class_list":["post-257","page","type-page","status-publish","hentry","description-off"],"yoast_head":"<!-- This site is optimized with the Yoast SEO plugin v26.9 - https:\/\/yoast.com\/product\/yoast-seo-wordpress\/ -->\n<title>Pol\u00edtica de privacidad - Sergal Gesti\u00f3 Ramadera<\/title>\n<meta name=\"robots\" content=\"index, follow, max-snippet:-1, max-image-preview:large, max-video-preview:-1\" \/>\n<link rel=\"canonical\" href=\"https:\/\/sergalgr.com\/es\/politica-de-privadesa\/\" \/>\n<meta property=\"og:locale\" content=\"es_ES\" \/>\n<meta property=\"og:type\" content=\"article\" \/>\n<meta property=\"og:title\" content=\"Pol\u00edtica de privacidad - Sergal Gesti\u00f3 Ramadera\" \/>\n<meta property=\"og:description\" content=\"1. Titularitat del lloc web El domini www.sergalgr.com \u00e9s titularitat de SERGAL GESTI\u00d3 RAMADERA, S.L. amb NIF B64691363, titular dels drets de propietat intel\u00b7lectual sobre les webs i els seus continguts, sens perjudici dels drets leg\u00edtims de tercers. La societat titular est\u00e0 inscrita en el Registre Mercantil de Lleida, Volum ____, Foli 13, Secci\u00f3 1a,&hellip;\" \/>\n<meta property=\"og:url\" content=\"https:\/\/sergalgr.com\/es\/politica-de-privadesa\/\" \/>\n<meta property=\"og:site_name\" content=\"Sergal Gesti\u00f3 Ramadera\" \/>\n<meta property=\"article:modified_time\" content=\"2020-10-13T13:05:30+00:00\" \/>\n<meta name=\"twitter:card\" content=\"summary_large_image\" \/>\n<meta name=\"twitter:site\" content=\"@Sergalgr\" \/>\n<meta name=\"twitter:label1\" content=\"Tiempo de lectura\" \/>\n\t<meta name=\"twitter:data1\" content=\"6 minutos\" \/>\n<script type=\"application\/ld+json\" class=\"yoast-schema-graph\">{\"@context\":\"https:\/\/schema.org\",\"@graph\":[{\"@type\":\"WebPage\",\"@id\":\"https:\/\/sergalgr.com\/es\/politica-de-privadesa\/\",\"url\":\"https:\/\/sergalgr.com\/es\/politica-de-privadesa\/\",\"name\":\"Pol\u00edtica de privacidad - Sergal Gesti\u00f3 Ramadera\",\"isPartOf\":{\"@id\":\"https:\/\/sergalgr.com\/#website\"},\"datePublished\":\"2018-07-02T16:26:05+00:00\",\"dateModified\":\"2020-10-13T13:05:30+00:00\",\"breadcrumb\":{\"@id\":\"https:\/\/sergalgr.com\/es\/politica-de-privadesa\/#breadcrumb\"},\"inLanguage\":\"es\",\"potentialAction\":[{\"@type\":\"ReadAction\",\"target\":[\"https:\/\/sergalgr.com\/es\/politica-de-privadesa\/\"]}]},{\"@type\":\"BreadcrumbList\",\"@id\":\"https:\/\/sergalgr.com\/es\/politica-de-privadesa\/#breadcrumb\",\"itemListElement\":[{\"@type\":\"ListItem\",\"position\":1,\"name\":\"Inici\",\"item\":\"https:\/\/sergalgr.com\/es\/\"},{\"@type\":\"ListItem\",\"position\":2,\"name\":\"Pol\u00edtica de privacidad\"}]},{\"@type\":\"WebSite\",\"@id\":\"https:\/\/sergalgr.com\/#website\",\"url\":\"https:\/\/sergalgr.com\/\",\"name\":\"Sergal Gesti\u00f3 Ramadera\",\"description\":\"Especialitzats en alta gen\u00e8tica porcina\",\"potentialAction\":[{\"@type\":\"SearchAction\",\"target\":{\"@type\":\"EntryPoint\",\"urlTemplate\":\"https:\/\/sergalgr.com\/?s={search_term_string}\"},\"query-input\":{\"@type\":\"PropertyValueSpecification\",\"valueRequired\":true,\"valueName\":\"search_term_string\"}}],\"inLanguage\":\"es\"}]}<\/script>\n<!-- \/ Yoast SEO plugin. -->","yoast_head_json":{"title":"Pol\u00edtica de privacidad - Sergal Gesti\u00f3 Ramadera","robots":{"index":"index","follow":"follow","max-snippet":"max-snippet:-1","max-image-preview":"max-image-preview:large","max-video-preview":"max-video-preview:-1"},"canonical":"https:\/\/sergalgr.com\/es\/politica-de-privadesa\/","og_locale":"es_ES","og_type":"article","og_title":"Pol\u00edtica de privacidad - Sergal Gesti\u00f3 Ramadera","og_description":"1. Titularitat del lloc web El domini www.sergalgr.com \u00e9s titularitat de SERGAL GESTI\u00d3 RAMADERA, S.L. amb NIF B64691363, titular dels drets de propietat intel\u00b7lectual sobre les webs i els seus continguts, sens perjudici dels drets leg\u00edtims de tercers. La societat titular est\u00e0 inscrita en el Registre Mercantil de Lleida, Volum ____, Foli 13, Secci\u00f3 1a,&hellip;","og_url":"https:\/\/sergalgr.com\/es\/politica-de-privadesa\/","og_site_name":"Sergal Gesti\u00f3 Ramadera","article_modified_time":"2020-10-13T13:05:30+00:00","twitter_card":"summary_large_image","twitter_site":"@Sergalgr","twitter_misc":{"Tiempo de lectura":"6 minutos"},"schema":{"@context":"https:\/\/schema.org","@graph":[{"@type":"WebPage","@id":"https:\/\/sergalgr.com\/es\/politica-de-privadesa\/","url":"https:\/\/sergalgr.com\/es\/politica-de-privadesa\/","name":"Pol\u00edtica de privacidad - Sergal Gesti\u00f3 Ramadera","isPartOf":{"@id":"https:\/\/sergalgr.com\/#website"},"datePublished":"2018-07-02T16:26:05+00:00","dateModified":"2020-10-13T13:05:30+00:00","breadcrumb":{"@id":"https:\/\/sergalgr.com\/es\/politica-de-privadesa\/#breadcrumb"},"inLanguage":"es","potentialAction":[{"@type":"ReadAction","target":["https:\/\/sergalgr.com\/es\/politica-de-privadesa\/"]}]},{"@type":"BreadcrumbList","@id":"https:\/\/sergalgr.com\/es\/politica-de-privadesa\/#breadcrumb","itemListElement":[{"@type":"ListItem","position":1,"name":"Inici","item":"https:\/\/sergalgr.com\/es\/"},{"@type":"ListItem","position":2,"name":"Pol\u00edtica de privacidad"}]},{"@type":"WebSite","@id":"https:\/\/sergalgr.com\/#website","url":"https:\/\/sergalgr.com\/","name":"Sergal Gesti\u00f3 Ramadera","description":"Especialitzats en alta gen\u00e8tica porcina","potentialAction":[{"@type":"SearchAction","target":{"@type":"EntryPoint","urlTemplate":"https:\/\/sergalgr.com\/?s={search_term_string}"},"query-input":{"@type":"PropertyValueSpecification","valueRequired":true,"valueName":"search_term_string"}}],"inLanguage":"es"}]}},"_links":{"self":[{"href":"https:\/\/sergalgr.com\/es\/wp-json\/wp\/v2\/pages\/257","targetHints":{"allow":["GET"]}}],"collection":[{"href":"https:\/\/sergalgr.com\/es\/wp-json\/wp\/v2\/pages"}],"about":[{"href":"https:\/\/sergalgr.com\/es\/wp-json\/wp\/v2\/types\/page"}],"author":[{"embeddable":true,"href":"https:\/\/sergalgr.com\/es\/wp-json\/wp\/v2\/users\/1"}],"replies":[{"embeddable":true,"href":"https:\/\/sergalgr.com\/es\/wp-json\/wp\/v2\/comments?post=257"}],"version-history":[{"count":2,"href":"https:\/\/sergalgr.com\/es\/wp-json\/wp\/v2\/pages\/257\/revisions"}],"predecessor-version":[{"id":22388,"href":"https:\/\/sergalgr.com\/es\/wp-json\/wp\/v2\/pages\/257\/revisions\/22388"}],"wp:attachment":[{"href":"https:\/\/sergalgr.com\/es\/wp-json\/wp\/v2\/media?parent=257"}],"curies":[{"name":"wp","href":"https:\/\/api.w.org\/{rel}","templated":true}]}}