{"id":259,"date":"2018-11-26T13:45:23","date_gmt":"2018-11-26T11:45:23","guid":{"rendered":"https:\/\/sergalgr.com\/sergal\/"},"modified":"2021-09-16T13:05:17","modified_gmt":"2021-09-16T11:05:17","slug":"sergal","status":"publish","type":"page","link":"https:\/\/sergalgr.com\/es\/sergal\/","title":{"rendered":"Sergal"},"content":{"rendered":"<section class=\"wpb-content-wrapper\"><p>[vc_row][vc_column width=\u00bb1\/6&#8243;][\/vc_column][vc_column width=\u00bb2\/3&#8243;][vc_empty_space height=\u00bb50px\u00bb][vc_column_text]<\/p>\n<h1 style=\"text-align: center;\"><span style=\"color: #ffffff;\">Sergal<\/span><\/h1>\n<p>[\/vc_column_text][vc_empty_space height=\u00bb50px\u00bb][vc_video link=\u00bbhttps:\/\/vimeo.com\/sergal\/sergal\u00bb][vc_empty_space height=\u00bb50px\u00bb][vc_column_text]\n<\/p>\n<h1 style=\"text-align: center;\"><span style=\"color: #ffffff;\">Sergal<\/span><\/h1>\n<p>\n[\/vc_column_text][\/vc_column][vc_column width=\u00bb1\/6&#8243;][\/vc_column][\/vc_row][vc_row][vc_column][vc_empty_space height=\u00bb50px\u00bb][vc_separator color=\u00bbcustom\u00bb accent_color=\u00bb#ffffff\u00bb][vc_empty_space height=\u00bb50px\u00bb][\/vc_column][\/vc_row][vc_row css_animation=\u00bbfadeIn\u00bb][vc_column width=\u00bb1\/2&#8243;][vc_column_text]\n<\/p>\n<h1><span style=\"color: #ffffff;\">L\u00edneas paternas<\/span><\/h1>\n<p>\n[\/vc_column_text][vc_column_text]\n<\/p>\n<h1><span style=\"color: #ffffff;\">Nuestra misi\u00f3n mantenernos al frente del sector, ofreciendo animales con unos est\u00e1ndares de calidad superiores.<\/span><\/h1>\n<p>\n[\/vc_column_text][\/vc_column][vc_column css_animation=\u00bbnone\u00bb width=\u00bb1\/2&#8243;][vc_column_text]\n<\/p>\n<h1><span style=\"color: #ffffff;\">L\u00edneas maternas<\/span><\/h1>\n<p>\n[\/vc_column_text][vc_column_text]\n<\/p>\n<h1><span style=\"color: #ffffff;\">La cerda Camborough\u00ae. Un mayor n\u00famero total de lechones por cerda por a\u00f1o y menores costes de producci\u00f3n.<\/span><\/h1>\n<p>\n[\/vc_column_text][\/vc_column][\/vc_row][vc_row][vc_column][vc_empty_space height=\u00bb50px\u00bb][vc_separator color=\u00bbcustom\u00bb accent_color=\u00bb#ffffff\u00bb][vc_empty_space height=\u00bb50px\u00bb][\/vc_column][\/vc_row][vc_row css_animation=\u00bbfadeIn\u00bb][vc_column width=\u00bb1\/3&#8243;][vc_column_text]\n<\/p>\n<h1><span style=\"color: #ffffff;\">Instalaciones mod\u00e9licas<\/span><\/h1>\n<p>\n[\/vc_column_text][\/vc_column][vc_column css_animation=\u00bbnone\u00bb width=\u00bb2\/3&#8243;][vc_column_text]\n<\/p>\n<h1><span style=\"color: #ffffff;\">Disponemos de unas instalaciones muy innovadoras y profesionales, con unas medidas de bioseguridad con plenas garant\u00edas sanitarias.<\/span><\/h1>\n<p>\n[\/vc_column_text][\/vc_column][\/vc_row][vc_row][vc_column width=\u00bb1\/3&#8243;][\/vc_column][vc_column css_animation=\u00bbfadeIn\u00bb width=\u00bb2\/3&#8243;][vc_tta_pageable no_fill_content_area=\u00bb1&#8243; active_section=\u00bb1&#8243; pagination_style=\u00bbflat-round\u00bb pagination_color=\u00bbwhite\u00bb tab_position=\u00bbtop\u00bb css_animation=\u00bbfadeIn\u00bb][vc_tta_section title=\u00bbPin\u00f3s\u00bb tab_id=\u00bb1549901594702-c647e49e-6963&#8243;]<div id=\"ult-carousel-348775917569e716dbb143c\" class=\"ult-carousel-wrapper   ult_horizontal\" data-gutter=\"15\" data-rtl=\"false\" ><div class=\"ult-carousel-426793958869e716dbb11c2 \" >[vc_single_image image=\u00bb21967&#8243; img_size=\u00bbfull\u00bb][vc_single_image image=\u00bb21961&#8243; img_size=\u00bbfull\u00bb][vc_single_image image=\u00bb21965&#8243; img_size=\u00bbfull\u00bb][vc_single_image image=\u00bb21963&#8243; img_size=\u00bbfull\u00bb]<\/div><\/div>\t\t\t<script type=\"text\/javascript\">\n\t\t\t\tjQuery(document).ready(function ($) {\n\t\t\t\t\tif( typeof jQuery('.ult-carousel-426793958869e716dbb11c2').slick == \"function\"){\n\t\t\t\t\t\t$('.ult-carousel-426793958869e716dbb11c2').slick({dots: false,autoplay: true,autoplaySpeed: \"5000\",speed: \"300\",infinite: true,arrows: true,nextArrow: '<button type=\"button\" role=\"button\" aria-label=\"Next\" style=\"color:#ffffff; font-size:20px;\" class=\"slick-next default\"><i class=\"ultsl-arrow-right6\"><\/i><\/button>',prevArrow: '<button type=\"button\" role=\"button\" aria-label=\"Previous\" style=\"color:#ffffff; font-size:20px;\" class=\"slick-prev default\"><i class=\"ultsl-arrow-left6\"><\/i><\/button>',slidesToScroll:1,slidesToShow:1,swipe: true,draggable: true,touchMove: true,pauseOnHover: true,pauseOnFocus: false,responsive: [\n\t\t\t\t\t\t\t{\n\t\t\t\t\t\t\t  breakpoint: 1026,\n\t\t\t\t\t\t\t  settings: {\n\t\t\t\t\t\t\t\tslidesToShow: 1,\n\t\t\t\t\t\t\t\tslidesToScroll: 1,  \n\t\t\t\t\t\t\t  }\n\t\t\t\t\t\t\t},\n\t\t\t\t\t\t\t{\n\t\t\t\t\t\t\t  breakpoint: 1025,\n\t\t\t\t\t\t\t  settings: {\n\t\t\t\t\t\t\t\tslidesToShow: 1,\n\t\t\t\t\t\t\t\tslidesToScroll: 1\n\t\t\t\t\t\t\t  }\n\t\t\t\t\t\t\t},\n\t\t\t\t\t\t\t{\n\t\t\t\t\t\t\t  breakpoint: 760,\n\t\t\t\t\t\t\t  settings: {\n\t\t\t\t\t\t\t\tslidesToShow: 1,\n\t\t\t\t\t\t\t\tslidesToScroll: 1\n\t\t\t\t\t\t\t  }\n\t\t\t\t\t\t\t}\n\t\t\t\t\t\t],pauseOnDotsHover: true,customPaging: function(slider, i) {\n                   return '<i type=\"button\" style= \"color:#333333;\" class=\"ultsl-record\" data-role=\"none\"><\/i>';\n                },});\n\t\t\t\t\t}\n\t\t\t\t});\n\t\t\t<\/script>\n\t\t\t[vc_column_text]<span style=\"color: #ffffff;\">Cuarentena\u00a0Pin\u00f3s<\/span><br \/>\n<span style=\"color: #ffffff;\">2012<\/span><br \/>\n<span style=\"color: #ffffff;\">Solson\u00e8s \u2014 Lleida<\/span><br \/>\n<span style=\"color: #ffffff;\">30 verracos<\/span><br \/>\n<span style=\"color: #ffffff;\">Showroom<\/span><br \/>\n<span style=\"color: #ffffff;\">Grandes medidas de bioseguridad<\/span>[\/vc_column_text][\/vc_tta_section][vc_tta_section title=\u00bbAnglarill\u00bb tab_id=\u00bb1550057169799-222e071f-e259&#8243;]<div id=\"ult-carousel-52962615969e716dbb15ec\" class=\"ult-carousel-wrapper   ult_horizontal\" data-gutter=\"15\" data-rtl=\"false\" ><div class=\"ult-carousel-379520938669e716dbb159d \" >[vc_single_image image=\u00bb21969&#8243; img_size=\u00bbfull\u00bb][vc_single_image image=\u00bb21971&#8243; img_size=\u00bbfull\u00bb][vc_single_image image=\u00bb21973&#8243; img_size=\u00bbfull\u00bb][vc_single_image image=\u00bb21975&#8243; img_size=\u00bbfull\u00bb]<\/div><\/div>\t\t\t<script type=\"text\/javascript\">\n\t\t\t\tjQuery(document).ready(function ($) {\n\t\t\t\t\tif( typeof jQuery('.ult-carousel-379520938669e716dbb159d').slick == \"function\"){\n\t\t\t\t\t\t$('.ult-carousel-379520938669e716dbb159d').slick({dots: false,autoplay: true,autoplaySpeed: \"5000\",speed: \"300\",infinite: true,arrows: true,nextArrow: '<button type=\"button\" role=\"button\" aria-label=\"Next\" style=\"color:#ffffff; font-size:20px;\" class=\"slick-next default\"><i class=\"ultsl-arrow-right6\"><\/i><\/button>',prevArrow: '<button type=\"button\" role=\"button\" aria-label=\"Previous\" style=\"color:#ffffff; font-size:20px;\" class=\"slick-prev default\"><i class=\"ultsl-arrow-left6\"><\/i><\/button>',slidesToScroll:1,slidesToShow:1,swipe: true,draggable: true,touchMove: true,pauseOnHover: true,pauseOnFocus: false,responsive: [\n\t\t\t\t\t\t\t{\n\t\t\t\t\t\t\t  breakpoint: 1026,\n\t\t\t\t\t\t\t  settings: {\n\t\t\t\t\t\t\t\tslidesToShow: 1,\n\t\t\t\t\t\t\t\tslidesToScroll: 1,  \n\t\t\t\t\t\t\t  }\n\t\t\t\t\t\t\t},\n\t\t\t\t\t\t\t{\n\t\t\t\t\t\t\t  breakpoint: 1025,\n\t\t\t\t\t\t\t  settings: {\n\t\t\t\t\t\t\t\tslidesToShow: 1,\n\t\t\t\t\t\t\t\tslidesToScroll: 1\n\t\t\t\t\t\t\t  }\n\t\t\t\t\t\t\t},\n\t\t\t\t\t\t\t{\n\t\t\t\t\t\t\t  breakpoint: 760,\n\t\t\t\t\t\t\t  settings: {\n\t\t\t\t\t\t\t\tslidesToShow: 1,\n\t\t\t\t\t\t\t\tslidesToScroll: 1\n\t\t\t\t\t\t\t  }\n\t\t\t\t\t\t\t}\n\t\t\t\t\t\t],pauseOnDotsHover: true,customPaging: function(slider, i) {\n                   return '<i type=\"button\" style= \"color:#333333;\" class=\"ultsl-record\" data-role=\"none\"><\/i>';\n                },});\n\t\t\t\t\t}\n\t\t\t\t});\n\t\t\t<\/script>\n\t\t\t[vc_column_text]<span style=\"color: #ffffff;\">Cuarentena Anglarill<\/span><br \/>\n<span style=\"color: #ffffff;\">2014<\/span><\/p>\n<p><span style=\"color: #ffffff;\">Solson\u00e8s \u2014 Lleida<\/span><\/p>\n<p><span style=\"color: #ffffff;\">50 verracos<\/span><br \/>\n<span style=\"color: #ffffff;\">Showroom + Laboratorio<\/span><br \/>\n<span style=\"color: #ffffff;\">Separaci\u00f3n zonas limpia \/ sucia<\/span>[\/vc_column_text][\/vc_tta_section][vc_tta_section title=\u00bbCIA Bassella\u00bb tab_id=\u00bb1550057638129-e796d718-4289&#8243;]<div id=\"ult-carousel-56411810569e716dbb174d\" class=\"ult-carousel-wrapper   ult_horizontal\" data-gutter=\"15\" data-rtl=\"false\" ><div class=\"ult-carousel-103556845169e716dbb170b \" >[vc_single_image image=\u00bb21977&#8243; img_size=\u00bbfull\u00bb][vc_single_image image=\u00bb21981&#8243; img_size=\u00bbfull\u00bb][vc_single_image image=\u00bb21979&#8243; img_size=\u00bbfull\u00bb]<\/div><\/div>\t\t\t<script type=\"text\/javascript\">\n\t\t\t\tjQuery(document).ready(function ($) {\n\t\t\t\t\tif( typeof jQuery('.ult-carousel-103556845169e716dbb170b').slick == \"function\"){\n\t\t\t\t\t\t$('.ult-carousel-103556845169e716dbb170b').slick({dots: false,autoplay: true,autoplaySpeed: \"5000\",speed: \"300\",infinite: true,arrows: true,nextArrow: '<button type=\"button\" role=\"button\" aria-label=\"Next\" style=\"color:#ffffff; font-size:20px;\" class=\"slick-next default\"><i class=\"ultsl-arrow-right6\"><\/i><\/button>',prevArrow: '<button type=\"button\" role=\"button\" aria-label=\"Previous\" style=\"color:#ffffff; font-size:20px;\" class=\"slick-prev default\"><i class=\"ultsl-arrow-left6\"><\/i><\/button>',slidesToScroll:1,slidesToShow:1,swipe: true,draggable: true,touchMove: true,pauseOnHover: true,pauseOnFocus: false,responsive: [\n\t\t\t\t\t\t\t{\n\t\t\t\t\t\t\t  breakpoint: 1026,\n\t\t\t\t\t\t\t  settings: {\n\t\t\t\t\t\t\t\tslidesToShow: 1,\n\t\t\t\t\t\t\t\tslidesToScroll: 1,  \n\t\t\t\t\t\t\t  }\n\t\t\t\t\t\t\t},\n\t\t\t\t\t\t\t{\n\t\t\t\t\t\t\t  breakpoint: 1025,\n\t\t\t\t\t\t\t  settings: {\n\t\t\t\t\t\t\t\tslidesToShow: 1,\n\t\t\t\t\t\t\t\tslidesToScroll: 1\n\t\t\t\t\t\t\t  }\n\t\t\t\t\t\t\t},\n\t\t\t\t\t\t\t{\n\t\t\t\t\t\t\t  breakpoint: 760,\n\t\t\t\t\t\t\t  settings: {\n\t\t\t\t\t\t\t\tslidesToShow: 1,\n\t\t\t\t\t\t\t\tslidesToScroll: 1\n\t\t\t\t\t\t\t  }\n\t\t\t\t\t\t\t}\n\t\t\t\t\t\t],pauseOnDotsHover: true,customPaging: function(slider, i) {\n                   return '<i type=\"button\" style= \"color:#333333;\" class=\"ultsl-record\" data-role=\"none\"><\/i>';\n                },});\n\t\t\t\t\t}\n\t\t\t\t});\n\t\t\t<\/script>\n\t\t\t[vc_column_text]<span style=\"color: #ffffff;\">CIA Bassella<\/span><br \/>\n<span style=\"color: #ffffff;\">2016<\/span><\/p>\n<p><span style=\"color: #ffffff;\">Solson\u00e8s \u2014 Lleida<\/span><\/p>\n<p><span style=\"color: #ffffff;\">120 verracos<\/span><br \/>\n<span style=\"color: #ffffff;\">Centro log\u00edstico<\/span><br \/>\n<span style=\"color: #ffffff;\">Cuarentena + Laboratorio<\/span>[\/vc_column_text][\/vc_tta_section][vc_tta_section title=\u00bbClop\u00bb tab_id=\u00bb1550057977827-5ba1247b-b6b3&#8243;]<div id=\"ult-carousel-123352774469e716dbb18c9\" class=\"ult-carousel-wrapper   ult_horizontal\" data-gutter=\"15\" data-rtl=\"false\" ><div class=\"ult-carousel-45113733869e716dbb1883 \" >[vc_single_image image=\u00bb21983&#8243; img_size=\u00bbfull\u00bb]<\/div><\/div>\t\t\t<script type=\"text\/javascript\">\n\t\t\t\tjQuery(document).ready(function ($) {\n\t\t\t\t\tif( typeof jQuery('.ult-carousel-45113733869e716dbb1883').slick == \"function\"){\n\t\t\t\t\t\t$('.ult-carousel-45113733869e716dbb1883').slick({dots: false,autoplay: true,autoplaySpeed: \"5000\",speed: \"300\",infinite: true,arrows: true,nextArrow: '<button type=\"button\" role=\"button\" aria-label=\"Next\" style=\"color:#ffffff; font-size:20px;\" class=\"slick-next default\"><i class=\"ultsl-arrow-right6\"><\/i><\/button>',prevArrow: '<button type=\"button\" role=\"button\" aria-label=\"Previous\" style=\"color:#ffffff; font-size:20px;\" class=\"slick-prev default\"><i class=\"ultsl-arrow-left6\"><\/i><\/button>',slidesToScroll:1,slidesToShow:1,swipe: true,draggable: true,touchMove: true,pauseOnHover: true,pauseOnFocus: false,responsive: [\n\t\t\t\t\t\t\t{\n\t\t\t\t\t\t\t  breakpoint: 1026,\n\t\t\t\t\t\t\t  settings: {\n\t\t\t\t\t\t\t\tslidesToShow: 1,\n\t\t\t\t\t\t\t\tslidesToScroll: 1,  \n\t\t\t\t\t\t\t  }\n\t\t\t\t\t\t\t},\n\t\t\t\t\t\t\t{\n\t\t\t\t\t\t\t  breakpoint: 1025,\n\t\t\t\t\t\t\t  settings: {\n\t\t\t\t\t\t\t\tslidesToShow: 1,\n\t\t\t\t\t\t\t\tslidesToScroll: 1\n\t\t\t\t\t\t\t  }\n\t\t\t\t\t\t\t},\n\t\t\t\t\t\t\t{\n\t\t\t\t\t\t\t  breakpoint: 760,\n\t\t\t\t\t\t\t  settings: {\n\t\t\t\t\t\t\t\tslidesToShow: 1,\n\t\t\t\t\t\t\t\tslidesToScroll: 1\n\t\t\t\t\t\t\t  }\n\t\t\t\t\t\t\t}\n\t\t\t\t\t\t],pauseOnDotsHover: true,customPaging: function(slider, i) {\n                   return '<i type=\"button\" style= \"color:#333333;\" class=\"ultsl-record\" data-role=\"none\"><\/i>';\n                },});\n\t\t\t\t\t}\n\t\t\t\t});\n\t\t\t<\/script>\n\t\t\t[vc_column_text]<span style=\"color: #ffffff;\">CIA Clop<\/span><br \/>\n<span style=\"color: #ffffff;\">2017<\/span><br \/>\n<span style=\"color: #ffffff;\">Solson\u00e8s \u2014 Lleida<\/span><br \/>\n<span style=\"color: #ffffff;\">40 verracos<\/span><br \/>\n<span style=\"color: #ffffff;\">Zona alta bioseguridad<\/span>[\/vc_column_text][\/vc_tta_section][\/vc_tta_pageable][\/vc_column][\/vc_row][vc_row][vc_column][vc_empty_space height=\u00bb50px\u00bb][vc_separator color=\u00bbcustom\u00bb accent_color=\u00bb#ffffff\u00bb][vc_empty_space height=\u00bb50px\u00bb][\/vc_column][\/vc_row][vc_row css_animation=\u00bbfadeIn\u00bb][vc_column width=\u00bb1\/3&#8243;][vc_column_text]\n<\/p>\n<h1><span style=\"color: #ffffff;\">Bioseguridad<\/span><\/h1>\n<p>\n[\/vc_column_text][\/vc_column][vc_column css_animation=\u00bbnone\u00bb width=\u00bb2\/3&#8243;][vc_column_text]\n<\/p>\n<h1><span style=\"color: #ffffff;\">Para Sergal, la bioseguridad es una obsesi\u00f3n. Siempre lo ha sido.<\/span><\/h1>\n<p>\n[\/vc_column_text][vc_empty_space height=\u00bb50px\u00bb][vc_column_text]<a href=\"http:\/\/sergalgr.com\/wp-content\/uploads\/2019\/04\/sergal-protocolo-bioseguridad.pdf\" target=\"_blank\" rel=\"noopener\"><span style=\"color: #ffffff;\">Descarga nuestro Protocolo de seguridad<\/span><\/a>[\/vc_column_text][\/vc_column][\/vc_row][vc_row][vc_column][vc_empty_space height=\u00bb50px\u00bb][vc_separator color=\u00bbcustom\u00bb accent_color=\u00bb#ffffff\u00bb][vc_empty_space height=\u00bb50px\u00bb][\/vc_column][\/vc_row][vc_row css_animation=\u00bbfadeIn\u00bb][vc_column width=\u00bb1\/3&#8243;][vc_column_text]\n<\/p>\n<h1><span style=\"color: #ffffff;\">Partners<\/span><\/h1>\n<p>\n[\/vc_column_text][\/vc_column][vc_column width=\u00bb2\/3&#8243;][vc_column_text]\n<\/p>\n<h1><span style=\"color: #ffffff;\">Mantenemos relaci\u00f3n con empresas l\u00edderes en su sector para poder ofrecer la soluci\u00f3n m\u00e1s id\u00f3nea a cada cliente, con las m\u00e1ximas garant\u00edas de calidad.<\/span><\/h1>\n<p>\n[\/vc_column_text][\/vc_column][\/vc_row][vc_row][vc_column][vc_empty_space height=\u00bb50px\u00bb][\/vc_column][\/vc_row][vc_row equal_height=\u00bbyes\u00bb content_placement=\u00bbmiddle\u00bb][vc_column width=\u00bb1\/6&#8243;][\/vc_column][vc_column width=\u00bb1\/6&#8243;][\/vc_column][vc_column width=\u00bb1\/6&#8243;][vc_single_image image=\u00bb22500&#8243; img_size=\u00bbfull\u00bb alignment=\u00bbcenter\u00bb onclick=\u00bbcustom_link\u00bb img_link_target=\u00bb_blank\u00bb link=\u00bbhttps:%2F%2Fes.pic.com%2F|\u00bb][vc_separator color=\u00bbcustom\u00bb accent_color=\u00bb#ffffff\u00bb][vc_column_text]<\/p>\n<p style=\"text-align: center;\"><a href=\"https:\/\/es.pic.com\/\" target=\"_blank\" rel=\"noopener\"><span style=\"color: #ffffff;\">PIC<\/span><\/a><\/p>\n<p>[\/vc_column_text][\/vc_column][vc_column width=\u00bb1\/6&#8243;][vc_single_image image=\u00bb22274&#8243; img_size=\u00bbfull\u00bb alignment=\u00bbcenter\u00bb onclick=\u00bbcustom_link\u00bb img_link_target=\u00bb_blank\u00bb link=\u00bbhttp:%2F%2Fwww.olotmeats.com%2Fes%2Fnuestro-grupo%2F|\u00bb][vc_separator color=\u00bbcustom\u00bb accent_color=\u00bb#ffffff\u00bb][vc_column_text]\n<\/p>\n<p style=\"text-align: center;\"><a href=\"http:\/\/www.olotmeats.com\/es\/nuestro-grupo\/\" target=\"_blank\" rel=\"noopener\"><span style=\"color: #ffffff;\">Olot Meats Group<\/span><\/a><\/p>\n<p>\n[\/vc_column_text][\/vc_column][vc_column width=\u00bb1\/6&#8243;][vc_single_image image=\u00bb22497&#8243; img_size=\u00bbfull\u00bb alignment=\u00bbcenter\u00bb onclick=\u00bbcustom_link\u00bb img_link_target=\u00bb_blank\u00bb link=\u00bbhttps:%2F%2Fwww.ako.es%2F|\u00bb][vc_separator color=\u00bbcustom\u00bb accent_color=\u00bb#ffffff\u00bb][vc_column_text]<\/p>\n<p style=\"text-align: center;\"><a href=\"https:\/\/www.ako.es\/\" target=\"_blank\" rel=\"noopener\"><span style=\"color: #ffffff;\">AKO<\/span><\/a><\/p>\n<p>[\/vc_column_text][\/vc_column][vc_column width=\u00bb1\/6&#8243;][\/vc_column][\/vc_row][vc_row][vc_column][vc_empty_space height=\u00bb50px\u00bb][vc_separator color=\u00bbcustom\u00bb accent_color=\u00bb#ffffff\u00bb][\/vc_column][\/vc_row]<\/p>\n<\/section>","protected":false},"excerpt":{"rendered":"<p>[vc_row][vc_column width=\u00bb1\/6&#8243;][\/vc_column][vc_column width=\u00bb2\/3&#8243;][vc_empty_space height=\u00bb50px\u00bb][vc_column_text] Sergal [\/vc_column_text][vc_empty_space height=\u00bb50px\u00bb][vc_video link=\u00bbhttps:\/\/vimeo.com\/sergal\/sergal\u00bb][vc_empty_space height=\u00bb50px\u00bb][vc_column_text] Sergal [\/vc_column_text][\/vc_column][vc_column width=\u00bb1\/6&#8243;][\/vc_column][\/vc_row][vc_row][vc_column][vc_empty_space height=\u00bb50px\u00bb][vc_separator color=\u00bbcustom\u00bb accent_color=\u00bb#ffffff\u00bb][vc_empty_space height=\u00bb50px\u00bb][\/vc_column][\/vc_row][vc_row css_animation=\u00bbfadeIn\u00bb][vc_column width=\u00bb1\/2&#8243;][vc_column_text] L\u00edneas paternas [\/vc_column_text][vc_column_text] Nuestra misi\u00f3n mantenernos al frente del sector, ofreciendo animales con unos est\u00e1ndares de calidad superiores. [\/vc_column_text][\/vc_column][vc_column css_animation=\u00bbnone\u00bb width=\u00bb1\/2&#8243;][vc_column_text] L\u00edneas maternas [\/vc_column_text][vc_column_text] La cerda Camborough\u00ae. Un mayor n\u00famero total de lechones por cerda por a\u00f1o&hellip;<\/p>\n","protected":false},"author":1,"featured_media":0,"parent":0,"menu_order":0,"comment_status":"closed","ping_status":"closed","template":"template-microsite.php","meta":{"footnotes":""},"class_list":["post-259","page","type-page","status-publish","hentry","description-off"],"yoast_head":"<!-- This site is optimized with the Yoast SEO plugin v26.9 - https:\/\/yoast.com\/product\/yoast-seo-wordpress\/ -->\n<title>Sergal - Sergal Gesti\u00f3 Ramadera<\/title>\n<meta name=\"description\" content=\"Estamos especializados en alta gen\u00e9tica porcina, siempre a la vanguardia del sector. Trabajamos con productos contrastados y de alta calidad.\" \/>\n<meta name=\"robots\" content=\"index, follow, max-snippet:-1, max-image-preview:large, max-video-preview:-1\" \/>\n<link rel=\"canonical\" href=\"https:\/\/sergalgr.com\/es\/sergal\/\" \/>\n<meta property=\"og:locale\" content=\"es_ES\" \/>\n<meta property=\"og:type\" content=\"article\" \/>\n<meta property=\"og:title\" content=\"Sergal - Sergal Gesti\u00f3 Ramadera\" \/>\n<meta property=\"og:description\" content=\"Estamos especializados en alta gen\u00e9tica porcina, siempre a la vanguardia del sector. Trabajamos con productos contrastados y de alta calidad.\" \/>\n<meta property=\"og:url\" content=\"https:\/\/sergalgr.com\/es\/sergal\/\" \/>\n<meta property=\"og:site_name\" content=\"Sergal Gesti\u00f3 Ramadera\" \/>\n<meta property=\"article:modified_time\" content=\"2021-09-16T11:05:17+00:00\" \/>\n<meta name=\"twitter:card\" content=\"summary_large_image\" \/>\n<meta name=\"twitter:site\" content=\"@Sergalgr\" \/>\n<meta name=\"twitter:label1\" content=\"Tiempo de lectura\" \/>\n\t<meta name=\"twitter:data1\" content=\"5 minutos\" \/>\n<script type=\"application\/ld+json\" class=\"yoast-schema-graph\">{\"@context\":\"https:\/\/schema.org\",\"@graph\":[{\"@type\":\"WebPage\",\"@id\":\"https:\/\/sergalgr.com\/es\/sergal\/\",\"url\":\"https:\/\/sergalgr.com\/es\/sergal\/\",\"name\":\"Sergal - Sergal Gesti\u00f3 Ramadera\",\"isPartOf\":{\"@id\":\"https:\/\/sergalgr.com\/#website\"},\"datePublished\":\"2018-11-26T11:45:23+00:00\",\"dateModified\":\"2021-09-16T11:05:17+00:00\",\"description\":\"Estamos especializados en alta gen\u00e9tica porcina, siempre a la vanguardia del sector. Trabajamos con productos contrastados y de alta calidad.\",\"breadcrumb\":{\"@id\":\"https:\/\/sergalgr.com\/es\/sergal\/#breadcrumb\"},\"inLanguage\":\"es\",\"potentialAction\":[{\"@type\":\"ReadAction\",\"target\":[\"https:\/\/sergalgr.com\/es\/sergal\/\"]}]},{\"@type\":\"BreadcrumbList\",\"@id\":\"https:\/\/sergalgr.com\/es\/sergal\/#breadcrumb\",\"itemListElement\":[{\"@type\":\"ListItem\",\"position\":1,\"name\":\"Inici\",\"item\":\"https:\/\/sergalgr.com\/es\/\"},{\"@type\":\"ListItem\",\"position\":2,\"name\":\"Sergal\"}]},{\"@type\":\"WebSite\",\"@id\":\"https:\/\/sergalgr.com\/#website\",\"url\":\"https:\/\/sergalgr.com\/\",\"name\":\"Sergal Gesti\u00f3 Ramadera\",\"description\":\"Especialitzats en alta gen\u00e8tica porcina\",\"potentialAction\":[{\"@type\":\"SearchAction\",\"target\":{\"@type\":\"EntryPoint\",\"urlTemplate\":\"https:\/\/sergalgr.com\/?s={search_term_string}\"},\"query-input\":{\"@type\":\"PropertyValueSpecification\",\"valueRequired\":true,\"valueName\":\"search_term_string\"}}],\"inLanguage\":\"es\"}]}<\/script>\n<!-- \/ Yoast SEO plugin. -->","yoast_head_json":{"title":"Sergal - Sergal Gesti\u00f3 Ramadera","description":"Estamos especializados en alta gen\u00e9tica porcina, siempre a la vanguardia del sector. Trabajamos con productos contrastados y de alta calidad.","robots":{"index":"index","follow":"follow","max-snippet":"max-snippet:-1","max-image-preview":"max-image-preview:large","max-video-preview":"max-video-preview:-1"},"canonical":"https:\/\/sergalgr.com\/es\/sergal\/","og_locale":"es_ES","og_type":"article","og_title":"Sergal - Sergal Gesti\u00f3 Ramadera","og_description":"Estamos especializados en alta gen\u00e9tica porcina, siempre a la vanguardia del sector. Trabajamos con productos contrastados y de alta calidad.","og_url":"https:\/\/sergalgr.com\/es\/sergal\/","og_site_name":"Sergal Gesti\u00f3 Ramadera","article_modified_time":"2021-09-16T11:05:17+00:00","twitter_card":"summary_large_image","twitter_site":"@Sergalgr","twitter_misc":{"Tiempo de lectura":"5 minutos"},"schema":{"@context":"https:\/\/schema.org","@graph":[{"@type":"WebPage","@id":"https:\/\/sergalgr.com\/es\/sergal\/","url":"https:\/\/sergalgr.com\/es\/sergal\/","name":"Sergal - Sergal Gesti\u00f3 Ramadera","isPartOf":{"@id":"https:\/\/sergalgr.com\/#website"},"datePublished":"2018-11-26T11:45:23+00:00","dateModified":"2021-09-16T11:05:17+00:00","description":"Estamos especializados en alta gen\u00e9tica porcina, siempre a la vanguardia del sector. Trabajamos con productos contrastados y de alta calidad.","breadcrumb":{"@id":"https:\/\/sergalgr.com\/es\/sergal\/#breadcrumb"},"inLanguage":"es","potentialAction":[{"@type":"ReadAction","target":["https:\/\/sergalgr.com\/es\/sergal\/"]}]},{"@type":"BreadcrumbList","@id":"https:\/\/sergalgr.com\/es\/sergal\/#breadcrumb","itemListElement":[{"@type":"ListItem","position":1,"name":"Inici","item":"https:\/\/sergalgr.com\/es\/"},{"@type":"ListItem","position":2,"name":"Sergal"}]},{"@type":"WebSite","@id":"https:\/\/sergalgr.com\/#website","url":"https:\/\/sergalgr.com\/","name":"Sergal Gesti\u00f3 Ramadera","description":"Especialitzats en alta gen\u00e8tica porcina","potentialAction":[{"@type":"SearchAction","target":{"@type":"EntryPoint","urlTemplate":"https:\/\/sergalgr.com\/?s={search_term_string}"},"query-input":{"@type":"PropertyValueSpecification","valueRequired":true,"valueName":"search_term_string"}}],"inLanguage":"es"}]}},"_links":{"self":[{"href":"https:\/\/sergalgr.com\/es\/wp-json\/wp\/v2\/pages\/259","targetHints":{"allow":["GET"]}}],"collection":[{"href":"https:\/\/sergalgr.com\/es\/wp-json\/wp\/v2\/pages"}],"about":[{"href":"https:\/\/sergalgr.com\/es\/wp-json\/wp\/v2\/types\/page"}],"author":[{"embeddable":true,"href":"https:\/\/sergalgr.com\/es\/wp-json\/wp\/v2\/users\/1"}],"replies":[{"embeddable":true,"href":"https:\/\/sergalgr.com\/es\/wp-json\/wp\/v2\/comments?post=259"}],"version-history":[{"count":14,"href":"https:\/\/sergalgr.com\/es\/wp-json\/wp\/v2\/pages\/259\/revisions"}],"predecessor-version":[{"id":22574,"href":"https:\/\/sergalgr.com\/es\/wp-json\/wp\/v2\/pages\/259\/revisions\/22574"}],"wp:attachment":[{"href":"https:\/\/sergalgr.com\/es\/wp-json\/wp\/v2\/media?parent=259"}],"curies":[{"name":"wp","href":"https:\/\/api.w.org\/{rel}","templated":true}]}}